{"id":1420,"date":"2023-08-02T08:15:00","date_gmt":"2023-08-02T08:15:00","guid":{"rendered":"https:\/\/reciclajessanadrian.com\/declaracio-daccessibilitat\/"},"modified":"2024-12-02T14:25:40","modified_gmt":"2024-12-02T14:25:40","slug":"declaracio-daccessibilitat","status":"publish","type":"page","link":"https:\/\/reciclajessanadrian.com\/ca\/declaracio-daccessibilitat\/","title":{"rendered":"Declaraci\u00f3 d&#8217;accessibilitat"},"content":{"rendered":"\t\t<div data-elementor-type=\"wp-page\" data-elementor-id=\"1420\" class=\"elementor elementor-1420 elementor-736\" data-elementor-post-type=\"page\">\n\t\t\t\t\t\t<section class=\"elementor-section elementor-top-section elementor-element elementor-element-0d6edac elementor-section-boxed elementor-section-height-default elementor-section-height-default\" data-id=\"0d6edac\" data-element_type=\"section\" data-e-type=\"section\">\n\t\t\t\t\t\t<div class=\"elementor-container elementor-column-gap-default\">\n\t\t\t\t\t<div class=\"elementor-column elementor-col-100 elementor-top-column elementor-element elementor-element-9f29137\" data-id=\"9f29137\" data-element_type=\"column\" data-e-type=\"column\">\n\t\t\t<div class=\"elementor-widget-wrap elementor-element-populated\">\n\t\t\t\t\t\t<div class=\"elementor-element elementor-element-ff518c1 elementor-widget elementor-widget-heading\" data-id=\"ff518c1\" data-element_type=\"widget\" data-e-type=\"widget\" data-widget_type=\"heading.default\">\n\t\t\t\t<div class=\"elementor-widget-container\">\n\t\t\t\t\t<h1 class=\"elementor-heading-title elementor-size-default\">Declaraci\u00f3 d&#8217;accessibilitat<\/h1>\t\t\t\t<\/div>\n\t\t\t\t<\/div>\n\t\t\t\t<div class=\"elementor-element elementor-element-bf65a6a elementor-widget elementor-widget-text-editor\" data-id=\"bf65a6a\" data-element_type=\"widget\" data-e-type=\"widget\" data-widget_type=\"text-editor.default\">\n\t\t\t\t<div class=\"elementor-widget-container\">\n\t\t\t\t\t\t\t\t\t<p>Reciclajes San Adri\u00e1n SLs&#8217;ha comprom\u00e8s a fer accessible el vostre lloc web, de conformitat amb normativa WCAG 2.1 en mat\u00e8ria d&#8217;accessibilitat i que s&#8217;utilitza com a evid\u00e8ncia de la justificaci\u00f3 del criteri d&#8217;accessibilitat del Programa Kit Digital. Est\u00e0 estructurat conforme als annexos de la norma UNE-EN 301 549:2022.<br \/>Aquesta declaraci\u00f3 d&#8217;accessibilitat s&#8217;aplica al lloc web reciclajessanadrian.com <\/p>\n\t\t\t\t\t\t\t\t<\/div>\n\t\t\t\t<\/div>\n\t\t\t\t\t<\/div>\n\t\t<\/div>\n\t\t\t\t\t<\/div>\n\t\t<\/section>\n\t\t\t\t<\/div>\n\t\t","protected":false},"excerpt":{"rendered":"<p>Reciclajes San Adri\u00e1n SLs&#8217;ha comprom\u00e8s a fer accessible el vostre lloc web, de conformitat amb normativa WCAG 2.1 en mat\u00e8ria d&#8217;accessibilitat i que s&#8217;utilitza com a evid\u00e8ncia de la justificaci\u00f3 del criteri d&#8217;accessibilitat del Programa Kit Digital. Est\u00e0 estructurat conforme als annexos de la norma UNE-EN 301 549:2022.Aquesta declaraci\u00f3 d&#8217;accessibilitat s&#8217;aplica al lloc web reciclajessanadrian.com<\/p>\n","protected":false},"author":1,"featured_media":0,"parent":0,"menu_order":0,"comment_status":"closed","ping_status":"closed","template":"","meta":{"footnotes":""},"class_list":["post-1420","page","type-page","status-publish"],"yoast_head":"<!-- This site is optimized with the Yoast SEO plugin v27.1.1 - https:\/\/yoast.com\/product\/yoast-seo-wordpress\/ -->\n<title>Declaraci\u00f3 d&#039;accessibilitat - Reciclajes San Adrian<\/title>\n<meta name=\"robots\" content=\"index, follow, max-snippet:-1, max-image-preview:large, max-video-preview:-1\" \/>\n<link rel=\"canonical\" href=\"https:\/\/reciclajessanadrian.com\/ca\/declaracio-daccessibilitat\/\" \/>\n<meta property=\"og:locale\" content=\"ca_ES\" \/>\n<meta property=\"og:type\" content=\"article\" \/>\n<meta property=\"og:title\" content=\"Declaraci\u00f3 d&#039;accessibilitat - Reciclajes San Adrian\" \/>\n<meta property=\"og:description\" content=\"Reciclajes San Adri\u00e1n SLs&#8217;ha comprom\u00e8s a fer accessible el vostre lloc web, de conformitat amb normativa WCAG 2.1 en mat\u00e8ria d&#8217;accessibilitat i que s&#8217;utilitza com a evid\u00e8ncia de la justificaci\u00f3 del criteri d&#8217;accessibilitat del Programa Kit Digital. Est\u00e0 estructurat conforme als annexos de la norma UNE-EN 301 549:2022.Aquesta declaraci\u00f3 d&#8217;accessibilitat s&#8217;aplica al lloc web reciclajessanadrian.com\" \/>\n<meta property=\"og:url\" content=\"https:\/\/reciclajessanadrian.com\/ca\/declaracio-daccessibilitat\/\" \/>\n<meta property=\"og:site_name\" content=\"Reciclajes San Adrian\" \/>\n<meta property=\"article:modified_time\" content=\"2024-12-02T14:25:40+00:00\" \/>\n<meta name=\"twitter:card\" content=\"summary_large_image\" \/>\n<script type=\"application\/ld+json\" class=\"yoast-schema-graph\">{\"@context\":\"https:\/\/schema.org\",\"@graph\":[{\"@type\":\"WebPage\",\"@id\":\"https:\/\/reciclajessanadrian.com\/ca\/declaracio-daccessibilitat\/\",\"url\":\"https:\/\/reciclajessanadrian.com\/ca\/declaracio-daccessibilitat\/\",\"name\":\"Declaraci\u00f3 d'accessibilitat - Reciclajes San Adrian\",\"isPartOf\":{\"@id\":\"https:\/\/reciclajessanadrian.com\/#website\"},\"datePublished\":\"2023-08-02T08:15:00+00:00\",\"dateModified\":\"2024-12-02T14:25:40+00:00\",\"breadcrumb\":{\"@id\":\"https:\/\/reciclajessanadrian.com\/ca\/declaracio-daccessibilitat\/#breadcrumb\"},\"inLanguage\":\"ca\",\"potentialAction\":[{\"@type\":\"ReadAction\",\"target\":[\"https:\/\/reciclajessanadrian.com\/ca\/declaracio-daccessibilitat\/\"]}]},{\"@type\":\"BreadcrumbList\",\"@id\":\"https:\/\/reciclajessanadrian.com\/ca\/declaracio-daccessibilitat\/#breadcrumb\",\"itemListElement\":[{\"@type\":\"ListItem\",\"position\":1,\"name\":\"Portada\",\"item\":\"https:\/\/reciclajessanadrian.com\/ca\/\"},{\"@type\":\"ListItem\",\"position\":2,\"name\":\"Declaraci\u00f3 d&#8217;accessibilitat\"}]},{\"@type\":\"WebSite\",\"@id\":\"https:\/\/reciclajessanadrian.com\/#website\",\"url\":\"https:\/\/reciclajessanadrian.com\/\",\"name\":\"Reciclajes San Adrian\",\"description\":\"Planta de Revalorizaci\u00f3n de Residuos Urbanos\",\"publisher\":{\"@id\":\"https:\/\/reciclajessanadrian.com\/#organization\"},\"potentialAction\":[{\"@type\":\"SearchAction\",\"target\":{\"@type\":\"EntryPoint\",\"urlTemplate\":\"https:\/\/reciclajessanadrian.com\/?s={search_term_string}\"},\"query-input\":{\"@type\":\"PropertyValueSpecification\",\"valueRequired\":true,\"valueName\":\"search_term_string\"}}],\"inLanguage\":\"ca\"},{\"@type\":\"Organization\",\"@id\":\"https:\/\/reciclajessanadrian.com\/#organization\",\"name\":\"Reciclajes San Adrian\",\"url\":\"https:\/\/reciclajessanadrian.com\/\",\"logo\":{\"@type\":\"ImageObject\",\"inLanguage\":\"ca\",\"@id\":\"https:\/\/reciclajessanadrian.com\/#\/schema\/logo\/image\/\",\"url\":\"https:\/\/reciclajessanadrian.com\/wp-content\/uploads\/2021\/06\/logo-reciclajes-san-adrian.png\",\"contentUrl\":\"https:\/\/reciclajessanadrian.com\/wp-content\/uploads\/2021\/06\/logo-reciclajes-san-adrian.png\",\"width\":154,\"height\":76,\"caption\":\"Reciclajes San Adrian\"},\"image\":{\"@id\":\"https:\/\/reciclajessanadrian.com\/#\/schema\/logo\/image\/\"}}]}<\/script>\n<!-- \/ Yoast SEO plugin. -->","yoast_head_json":{"title":"Declaraci\u00f3 d'accessibilitat - Reciclajes San Adrian","robots":{"index":"index","follow":"follow","max-snippet":"max-snippet:-1","max-image-preview":"max-image-preview:large","max-video-preview":"max-video-preview:-1"},"canonical":"https:\/\/reciclajessanadrian.com\/ca\/declaracio-daccessibilitat\/","og_locale":"ca_ES","og_type":"article","og_title":"Declaraci\u00f3 d'accessibilitat - Reciclajes San Adrian","og_description":"Reciclajes San Adri\u00e1n SLs&#8217;ha comprom\u00e8s a fer accessible el vostre lloc web, de conformitat amb normativa WCAG 2.1 en mat\u00e8ria d&#8217;accessibilitat i que s&#8217;utilitza com a evid\u00e8ncia de la justificaci\u00f3 del criteri d&#8217;accessibilitat del Programa Kit Digital. Est\u00e0 estructurat conforme als annexos de la norma UNE-EN 301 549:2022.Aquesta declaraci\u00f3 d&#8217;accessibilitat s&#8217;aplica al lloc web reciclajessanadrian.com","og_url":"https:\/\/reciclajessanadrian.com\/ca\/declaracio-daccessibilitat\/","og_site_name":"Reciclajes San Adrian","article_modified_time":"2024-12-02T14:25:40+00:00","twitter_card":"summary_large_image","schema":{"@context":"https:\/\/schema.org","@graph":[{"@type":"WebPage","@id":"https:\/\/reciclajessanadrian.com\/ca\/declaracio-daccessibilitat\/","url":"https:\/\/reciclajessanadrian.com\/ca\/declaracio-daccessibilitat\/","name":"Declaraci\u00f3 d'accessibilitat - Reciclajes San Adrian","isPartOf":{"@id":"https:\/\/reciclajessanadrian.com\/#website"},"datePublished":"2023-08-02T08:15:00+00:00","dateModified":"2024-12-02T14:25:40+00:00","breadcrumb":{"@id":"https:\/\/reciclajessanadrian.com\/ca\/declaracio-daccessibilitat\/#breadcrumb"},"inLanguage":"ca","potentialAction":[{"@type":"ReadAction","target":["https:\/\/reciclajessanadrian.com\/ca\/declaracio-daccessibilitat\/"]}]},{"@type":"BreadcrumbList","@id":"https:\/\/reciclajessanadrian.com\/ca\/declaracio-daccessibilitat\/#breadcrumb","itemListElement":[{"@type":"ListItem","position":1,"name":"Portada","item":"https:\/\/reciclajessanadrian.com\/ca\/"},{"@type":"ListItem","position":2,"name":"Declaraci\u00f3 d&#8217;accessibilitat"}]},{"@type":"WebSite","@id":"https:\/\/reciclajessanadrian.com\/#website","url":"https:\/\/reciclajessanadrian.com\/","name":"Reciclajes San Adrian","description":"Planta de Revalorizaci\u00f3n de Residuos Urbanos","publisher":{"@id":"https:\/\/reciclajessanadrian.com\/#organization"},"potentialAction":[{"@type":"SearchAction","target":{"@type":"EntryPoint","urlTemplate":"https:\/\/reciclajessanadrian.com\/?s={search_term_string}"},"query-input":{"@type":"PropertyValueSpecification","valueRequired":true,"valueName":"search_term_string"}}],"inLanguage":"ca"},{"@type":"Organization","@id":"https:\/\/reciclajessanadrian.com\/#organization","name":"Reciclajes San Adrian","url":"https:\/\/reciclajessanadrian.com\/","logo":{"@type":"ImageObject","inLanguage":"ca","@id":"https:\/\/reciclajessanadrian.com\/#\/schema\/logo\/image\/","url":"https:\/\/reciclajessanadrian.com\/wp-content\/uploads\/2021\/06\/logo-reciclajes-san-adrian.png","contentUrl":"https:\/\/reciclajessanadrian.com\/wp-content\/uploads\/2021\/06\/logo-reciclajes-san-adrian.png","width":154,"height":76,"caption":"Reciclajes San Adrian"},"image":{"@id":"https:\/\/reciclajessanadrian.com\/#\/schema\/logo\/image\/"}}]}},"_links":{"self":[{"href":"https:\/\/reciclajessanadrian.com\/ca\/wp-json\/wp\/v2\/pages\/1420","targetHints":{"allow":["GET"]}}],"collection":[{"href":"https:\/\/reciclajessanadrian.com\/ca\/wp-json\/wp\/v2\/pages"}],"about":[{"href":"https:\/\/reciclajessanadrian.com\/ca\/wp-json\/wp\/v2\/types\/page"}],"author":[{"embeddable":true,"href":"https:\/\/reciclajessanadrian.com\/ca\/wp-json\/wp\/v2\/users\/1"}],"replies":[{"embeddable":true,"href":"https:\/\/reciclajessanadrian.com\/ca\/wp-json\/wp\/v2\/comments?post=1420"}],"version-history":[{"count":4,"href":"https:\/\/reciclajessanadrian.com\/ca\/wp-json\/wp\/v2\/pages\/1420\/revisions"}],"predecessor-version":[{"id":1560,"href":"https:\/\/reciclajessanadrian.com\/ca\/wp-json\/wp\/v2\/pages\/1420\/revisions\/1560"}],"wp:attachment":[{"href":"https:\/\/reciclajessanadrian.com\/ca\/wp-json\/wp\/v2\/media?parent=1420"}],"curies":[{"name":"wp","href":"https:\/\/api.w.org\/{rel}","templated":true}]}}