{"id":1441,"date":"2023-08-28T14:32:24","date_gmt":"2023-08-28T14:32:24","guid":{"rendered":"https:\/\/reciclajessanadrian.com\/desballestament-industrial\/"},"modified":"2024-12-02T14:30:49","modified_gmt":"2024-12-02T14:30:49","slug":"desballestament-industrial","status":"publish","type":"page","link":"https:\/\/reciclajessanadrian.com\/ca\/desballestament-industrial\/","title":{"rendered":"Desballestament industrial"},"content":{"rendered":"\t\t<div data-elementor-type=\"wp-page\" data-elementor-id=\"1441\" class=\"elementor elementor-1441\" data-elementor-post-type=\"page\">\n\t\t\t\t\t\t<section class=\"elementor-section elementor-top-section elementor-element elementor-element-dd8baae elementor-section-height-min-height elementor-section-boxed elementor-section-height-default elementor-section-items-middle\" data-id=\"dd8baae\" data-element_type=\"section\" data-e-type=\"section\" data-settings=\"{&quot;background_background&quot;:&quot;classic&quot;}\">\n\t\t\t\t\t\t<div class=\"elementor-container elementor-column-gap-default\">\n\t\t\t\t\t<div class=\"elementor-column elementor-col-100 elementor-top-column elementor-element elementor-element-5e453cb\" data-id=\"5e453cb\" data-element_type=\"column\" data-e-type=\"column\">\n\t\t\t<div class=\"elementor-widget-wrap elementor-element-populated\">\n\t\t\t\t\t\t<div class=\"elementor-element elementor-element-a4810c4 elementor-widget elementor-widget-heading\" data-id=\"a4810c4\" data-element_type=\"widget\" data-e-type=\"widget\" data-widget_type=\"heading.default\">\n\t\t\t\t<div class=\"elementor-widget-container\">\n\t\t\t\t\t<h1 class=\"elementor-heading-title elementor-size-default\">Desballestament industrial<\/h1>\t\t\t\t<\/div>\n\t\t\t\t<\/div>\n\t\t\t\t\t<\/div>\n\t\t<\/div>\n\t\t\t\t\t<\/div>\n\t\t<\/section>\n\t\t\t\t<section class=\"elementor-section elementor-top-section elementor-element elementor-element-a586e25 elementor-section-boxed elementor-section-height-default elementor-section-height-default\" data-id=\"a586e25\" data-element_type=\"section\" data-e-type=\"section\">\n\t\t\t\t\t\t<div class=\"elementor-container elementor-column-gap-default\">\n\t\t\t\t\t<div class=\"elementor-column elementor-col-66 elementor-top-column elementor-element elementor-element-0d5c904\" data-id=\"0d5c904\" data-element_type=\"column\" data-e-type=\"column\">\n\t\t\t<div class=\"elementor-widget-wrap elementor-element-populated\">\n\t\t\t\t\t\t<div class=\"elementor-element elementor-element-450d959 elementor-widget-divider--view-line_text elementor-widget-divider--element-align-left elementor-widget elementor-widget-divider\" data-id=\"450d959\" data-element_type=\"widget\" data-e-type=\"widget\" data-widget_type=\"divider.default\">\n\t\t\t\t<div class=\"elementor-widget-container\">\n\t\t\t\t\t\t\t<div class=\"elementor-divider\">\n\t\t\t<span class=\"elementor-divider-separator\">\n\t\t\t\t\t\t\t<h2 class=\"elementor-divider__text elementor-divider__element\">\n\t\t\t\t<span style=\"color: #333333;\">Desballestament de<\/span> Maquin\u00e0ria Industrial\t\t\t\t<\/h2>\n\t\t\t\t\t\t<\/span>\n\t\t<\/div>\n\t\t\t\t\t\t<\/div>\n\t\t\t\t<\/div>\n\t\t\t\t<div class=\"elementor-element elementor-element-31e00af elementor-widget elementor-widget-text-editor\" data-id=\"31e00af\" data-element_type=\"widget\" data-e-type=\"widget\" data-widget_type=\"text-editor.default\">\n\t\t\t\t<div class=\"elementor-widget-container\">\n\t\t\t\t\t\t\t\t\t<p><span class=\"verd\">RECICLAJES SAN ADRIAN SL<\/span> realitza l&#8217;activitat de compra de maquin\u00e0ria industrial fora d&#8217;\u00fas, per al desballestament.<\/p>\n<p>El Centre de Gesti\u00f3 de Residus de RECICLAJES SAN ADRIAN SL disposa d&#8217;autoritzaci\u00f3 per realitzar a les seves instal\u00b7lacions l&#8217;activitat de Desballestament de Maquin\u00e0ria, que consisteix en la valoritzaci\u00f3 de maquin\u00e0ria industrial fora d&#8217;\u00fas, per a l&#8217;obtenci\u00f3 de materials valoritzables com ara metalls, pl\u00e0stics, etc. ., i l&#8217;obtenci\u00f3 de peces comercialitzables.<\/p>\n<p>La nostra activitat rep les m\u00e0quines fora d&#8217;\u00fas, que ja han arribat al final de la seva vida \u00fatil, i que provenen principalment dels sectors d&#8217;obres p\u00fabliques, agricultura i activitats industrials.<\/p>\n\t\t\t\t\t\t\t\t<\/div>\n\t\t\t\t<\/div>\n\t\t\t\t\t<\/div>\n\t\t<\/div>\n\t\t\t\t<div class=\"elementor-column elementor-col-33 elementor-top-column elementor-element elementor-element-adae664\" data-id=\"adae664\" data-element_type=\"column\" data-e-type=\"column\">\n\t\t\t<div class=\"elementor-widget-wrap elementor-element-populated\">\n\t\t\t\t\t\t<div class=\"elementor-element elementor-element-871cad1 elementor-widget elementor-widget-image\" data-id=\"871cad1\" data-element_type=\"widget\" data-e-type=\"widget\" data-widget_type=\"image.default\">\n\t\t\t\t<div class=\"elementor-widget-container\">\n\t\t\t\t\t\t\t\t\t\t\t\t\t\t\t<img fetchpriority=\"high\" decoding=\"async\" width=\"799\" height=\"322\" src=\"https:\/\/reciclajessanadrian.com\/wp-content\/uploads\/2021\/08\/Desguace-Maquinaria.jpg\" class=\"attachment-large size-large wp-image-194\" alt=\"\" srcset=\"https:\/\/reciclajessanadrian.com\/wp-content\/uploads\/2021\/08\/Desguace-Maquinaria.jpg 799w, https:\/\/reciclajessanadrian.com\/wp-content\/uploads\/2021\/08\/Desguace-Maquinaria-300x121.jpg 300w, https:\/\/reciclajessanadrian.com\/wp-content\/uploads\/2021\/08\/Desguace-Maquinaria-768x310.jpg 768w\" sizes=\"(max-width: 799px) 100vw, 799px\" \/>\t\t\t\t\t\t\t\t\t\t\t\t\t\t\t<\/div>\n\t\t\t\t<\/div>\n\t\t\t\t<div class=\"elementor-element elementor-element-36efd7c elementor-widget elementor-widget-image\" data-id=\"36efd7c\" data-element_type=\"widget\" data-e-type=\"widget\" data-widget_type=\"image.default\">\n\t\t\t\t<div class=\"elementor-widget-container\">\n\t\t\t\t\t\t\t\t\t\t\t\t\t\t\t<img decoding=\"async\" width=\"799\" height=\"322\" src=\"https:\/\/reciclajessanadrian.com\/wp-content\/uploads\/2021\/08\/Desguace-Maquinaria1.jpg\" class=\"attachment-large size-large wp-image-195\" alt=\"\" srcset=\"https:\/\/reciclajessanadrian.com\/wp-content\/uploads\/2021\/08\/Desguace-Maquinaria1.jpg 799w, https:\/\/reciclajessanadrian.com\/wp-content\/uploads\/2021\/08\/Desguace-Maquinaria1-300x121.jpg 300w, https:\/\/reciclajessanadrian.com\/wp-content\/uploads\/2021\/08\/Desguace-Maquinaria1-768x310.jpg 768w\" sizes=\"(max-width: 799px) 100vw, 799px\" \/>\t\t\t\t\t\t\t\t\t\t\t\t\t\t\t<\/div>\n\t\t\t\t<\/div>\n\t\t\t\t\t<\/div>\n\t\t<\/div>\n\t\t\t\t\t<\/div>\n\t\t<\/section>\n\t\t\t\t<section class=\"elementor-section elementor-top-section elementor-element elementor-element-796e2f1 elementor-section-boxed elementor-section-height-default elementor-section-height-default\" data-id=\"796e2f1\" data-element_type=\"section\" data-e-type=\"section\">\n\t\t\t\t\t\t<div class=\"elementor-container elementor-column-gap-default\">\n\t\t\t\t\t<div class=\"elementor-column elementor-col-100 elementor-top-column elementor-element elementor-element-b0eb241\" data-id=\"b0eb241\" data-element_type=\"column\" data-e-type=\"column\">\n\t\t\t<div class=\"elementor-widget-wrap elementor-element-populated\">\n\t\t\t\t\t\t<div class=\"elementor-element elementor-element-a8cf3ac elementor-widget elementor-widget-text-editor\" data-id=\"a8cf3ac\" data-element_type=\"widget\" data-e-type=\"widget\" data-widget_type=\"text-editor.default\">\n\t\t\t\t<div class=\"elementor-widget-container\">\n\t\t\t\t\t\t\t\t\t<p>Posteriorment es procedeix a la descontaminaci\u00f3 i desballestament de la maquin\u00e0ria, per reutilitzar les peces que es troben en bon estat, incl\u00f2s el xass\u00eds.<\/p>\n<p>El proc\u00e9s de descontaminaci\u00f3 que es realitza a la nostra instal\u00b7laci\u00f3 consisteix en l&#8217;extracci\u00f3 dels fluids de la maquin\u00e0ria per succi\u00f3 (combustibles, olis, l\u00edquid de frens, anticongelant i refrigerant), aix\u00ed com altres components perillosos com les bateries.<\/p>\n<p>Un cop descontaminada la maquin\u00e0ria es realitza el desballestament de la mateixa, a fi d&#8217;extreure&#8217;n les peces valoritzables per a la comercialitzaci\u00f3, i els materials valoritzables com metalls, pl\u00e0stics, pneum\u00e0tics, bateries, etc., que s\u00f3n condu\u00efts a plantes de gesti\u00f3 autoritzada, per al reciclatge.<\/p>\n\t\t\t\t\t\t\t\t<\/div>\n\t\t\t\t<\/div>\n\t\t\t\t\t<\/div>\n\t\t<\/div>\n\t\t\t\t\t<\/div>\n\t\t<\/section>\n\t\t\t\t<\/div>\n\t\t","protected":false},"excerpt":{"rendered":"<p>Desballestament de Maquin\u00e0ria Industrial RECICLAJES SAN ADRIAN SL realitza l&#8217;activitat de compra de maquin\u00e0ria industrial fora d&#8217;\u00fas, per al desballestament. El Centre de Gesti\u00f3 de Residus de RECICLAJES SAN ADRIAN SL disposa d&#8217;autoritzaci\u00f3 per realitzar a les seves instal\u00b7lacions l&#8217;activitat de Desballestament de Maquin\u00e0ria, que consisteix en la valoritzaci\u00f3 de maquin\u00e0ria industrial fora d&#8217;\u00fas, per &#8230; <a title=\"Desballestament industrial\" class=\"read-more\" href=\"https:\/\/reciclajessanadrian.com\/ca\/desballestament-industrial\/\" aria-label=\"M\u00e9s informaci\u00f3 sobre Desballestament industrial\">Llegiu m\u00e9s<\/a><\/p>\n","protected":false},"author":1,"featured_media":0,"parent":0,"menu_order":0,"comment_status":"closed","ping_status":"closed","template":"","meta":{"footnotes":""},"class_list":["post-1441","page","type-page","status-publish"],"yoast_head":"<!-- This site is optimized with the Yoast SEO plugin v27.1.1 - https:\/\/yoast.com\/product\/yoast-seo-wordpress\/ -->\n<title>Desballestament industrial - Reciclajes San Adrian<\/title>\n<meta name=\"description\" content=\"RECICLAJES SAN ADRIAN SL realitza l&#039;activitat de compra de maquin\u00e0ria industrial fora d&#039;\u00fas, per al desballestament.\" \/>\n<meta name=\"robots\" content=\"index, follow, max-snippet:-1, max-image-preview:large, max-video-preview:-1\" \/>\n<link rel=\"canonical\" href=\"https:\/\/reciclajessanadrian.com\/ca\/desballestament-industrial\/\" \/>\n<meta property=\"og:locale\" content=\"ca_ES\" \/>\n<meta property=\"og:type\" content=\"article\" \/>\n<meta property=\"og:title\" content=\"Desballestament industrial - Reciclajes San Adrian\" \/>\n<meta property=\"og:description\" content=\"RECICLAJES SAN ADRIAN SL realitza l&#039;activitat de compra de maquin\u00e0ria industrial fora d&#039;\u00fas, per al desballestament.\" \/>\n<meta property=\"og:url\" content=\"https:\/\/reciclajessanadrian.com\/ca\/desballestament-industrial\/\" \/>\n<meta property=\"og:site_name\" content=\"Reciclajes San Adrian\" \/>\n<meta property=\"article:modified_time\" content=\"2024-12-02T14:30:49+00:00\" \/>\n<meta property=\"og:image\" content=\"https:\/\/reciclajessanadrian.com\/wp-content\/uploads\/2021\/08\/Desguace-Maquinaria.jpg\" \/>\n<meta name=\"twitter:card\" content=\"summary_large_image\" \/>\n<meta name=\"twitter:label1\" content=\"Temps estimat de lectura\" \/>\n\t<meta name=\"twitter:data1\" content=\"1 minut\" \/>\n<script type=\"application\/ld+json\" class=\"yoast-schema-graph\">{\"@context\":\"https:\/\/schema.org\",\"@graph\":[{\"@type\":\"WebPage\",\"@id\":\"https:\/\/reciclajessanadrian.com\/ca\/desballestament-industrial\/\",\"url\":\"https:\/\/reciclajessanadrian.com\/ca\/desballestament-industrial\/\",\"name\":\"Desballestament industrial - Reciclajes San Adrian\",\"isPartOf\":{\"@id\":\"https:\/\/reciclajessanadrian.com\/#website\"},\"primaryImageOfPage\":{\"@id\":\"https:\/\/reciclajessanadrian.com\/ca\/desballestament-industrial\/#primaryimage\"},\"image\":{\"@id\":\"https:\/\/reciclajessanadrian.com\/ca\/desballestament-industrial\/#primaryimage\"},\"thumbnailUrl\":\"https:\/\/reciclajessanadrian.com\/wp-content\/uploads\/2021\/08\/Desguace-Maquinaria.jpg\",\"datePublished\":\"2023-08-28T14:32:24+00:00\",\"dateModified\":\"2024-12-02T14:30:49+00:00\",\"description\":\"RECICLAJES SAN ADRIAN SL realitza l'activitat de compra de maquin\u00e0ria industrial fora d'\u00fas, per al desballestament.\",\"breadcrumb\":{\"@id\":\"https:\/\/reciclajessanadrian.com\/ca\/desballestament-industrial\/#breadcrumb\"},\"inLanguage\":\"ca\",\"potentialAction\":[{\"@type\":\"ReadAction\",\"target\":[\"https:\/\/reciclajessanadrian.com\/ca\/desballestament-industrial\/\"]}]},{\"@type\":\"ImageObject\",\"inLanguage\":\"ca\",\"@id\":\"https:\/\/reciclajessanadrian.com\/ca\/desballestament-industrial\/#primaryimage\",\"url\":\"https:\/\/reciclajessanadrian.com\/wp-content\/uploads\/2021\/08\/Desguace-Maquinaria.jpg\",\"contentUrl\":\"https:\/\/reciclajessanadrian.com\/wp-content\/uploads\/2021\/08\/Desguace-Maquinaria.jpg\"},{\"@type\":\"BreadcrumbList\",\"@id\":\"https:\/\/reciclajessanadrian.com\/ca\/desballestament-industrial\/#breadcrumb\",\"itemListElement\":[{\"@type\":\"ListItem\",\"position\":1,\"name\":\"Portada\",\"item\":\"https:\/\/reciclajessanadrian.com\/ca\/\"},{\"@type\":\"ListItem\",\"position\":2,\"name\":\"Desballestament industrial\"}]},{\"@type\":\"WebSite\",\"@id\":\"https:\/\/reciclajessanadrian.com\/#website\",\"url\":\"https:\/\/reciclajessanadrian.com\/\",\"name\":\"Reciclajes San Adrian\",\"description\":\"Planta de Revalorizaci\u00f3n de Residuos Urbanos\",\"publisher\":{\"@id\":\"https:\/\/reciclajessanadrian.com\/#organization\"},\"potentialAction\":[{\"@type\":\"SearchAction\",\"target\":{\"@type\":\"EntryPoint\",\"urlTemplate\":\"https:\/\/reciclajessanadrian.com\/?s={search_term_string}\"},\"query-input\":{\"@type\":\"PropertyValueSpecification\",\"valueRequired\":true,\"valueName\":\"search_term_string\"}}],\"inLanguage\":\"ca\"},{\"@type\":\"Organization\",\"@id\":\"https:\/\/reciclajessanadrian.com\/#organization\",\"name\":\"Reciclajes San Adrian\",\"url\":\"https:\/\/reciclajessanadrian.com\/\",\"logo\":{\"@type\":\"ImageObject\",\"inLanguage\":\"ca\",\"@id\":\"https:\/\/reciclajessanadrian.com\/#\/schema\/logo\/image\/\",\"url\":\"https:\/\/reciclajessanadrian.com\/wp-content\/uploads\/2021\/06\/logo-reciclajes-san-adrian.png\",\"contentUrl\":\"https:\/\/reciclajessanadrian.com\/wp-content\/uploads\/2021\/06\/logo-reciclajes-san-adrian.png\",\"width\":154,\"height\":76,\"caption\":\"Reciclajes San Adrian\"},\"image\":{\"@id\":\"https:\/\/reciclajessanadrian.com\/#\/schema\/logo\/image\/\"}}]}<\/script>\n<!-- \/ Yoast SEO plugin. -->","yoast_head_json":{"title":"Desballestament industrial - Reciclajes San Adrian","description":"RECICLAJES SAN ADRIAN SL realitza l'activitat de compra de maquin\u00e0ria industrial fora d'\u00fas, per al desballestament.","robots":{"index":"index","follow":"follow","max-snippet":"max-snippet:-1","max-image-preview":"max-image-preview:large","max-video-preview":"max-video-preview:-1"},"canonical":"https:\/\/reciclajessanadrian.com\/ca\/desballestament-industrial\/","og_locale":"ca_ES","og_type":"article","og_title":"Desballestament industrial - Reciclajes San Adrian","og_description":"RECICLAJES SAN ADRIAN SL realitza l'activitat de compra de maquin\u00e0ria industrial fora d'\u00fas, per al desballestament.","og_url":"https:\/\/reciclajessanadrian.com\/ca\/desballestament-industrial\/","og_site_name":"Reciclajes San Adrian","article_modified_time":"2024-12-02T14:30:49+00:00","og_image":[{"url":"https:\/\/reciclajessanadrian.com\/wp-content\/uploads\/2021\/08\/Desguace-Maquinaria.jpg","type":"","width":"","height":""}],"twitter_card":"summary_large_image","twitter_misc":{"Temps estimat de lectura":"1 minut"},"schema":{"@context":"https:\/\/schema.org","@graph":[{"@type":"WebPage","@id":"https:\/\/reciclajessanadrian.com\/ca\/desballestament-industrial\/","url":"https:\/\/reciclajessanadrian.com\/ca\/desballestament-industrial\/","name":"Desballestament industrial - Reciclajes San Adrian","isPartOf":{"@id":"https:\/\/reciclajessanadrian.com\/#website"},"primaryImageOfPage":{"@id":"https:\/\/reciclajessanadrian.com\/ca\/desballestament-industrial\/#primaryimage"},"image":{"@id":"https:\/\/reciclajessanadrian.com\/ca\/desballestament-industrial\/#primaryimage"},"thumbnailUrl":"https:\/\/reciclajessanadrian.com\/wp-content\/uploads\/2021\/08\/Desguace-Maquinaria.jpg","datePublished":"2023-08-28T14:32:24+00:00","dateModified":"2024-12-02T14:30:49+00:00","description":"RECICLAJES SAN ADRIAN SL realitza l'activitat de compra de maquin\u00e0ria industrial fora d'\u00fas, per al desballestament.","breadcrumb":{"@id":"https:\/\/reciclajessanadrian.com\/ca\/desballestament-industrial\/#breadcrumb"},"inLanguage":"ca","potentialAction":[{"@type":"ReadAction","target":["https:\/\/reciclajessanadrian.com\/ca\/desballestament-industrial\/"]}]},{"@type":"ImageObject","inLanguage":"ca","@id":"https:\/\/reciclajessanadrian.com\/ca\/desballestament-industrial\/#primaryimage","url":"https:\/\/reciclajessanadrian.com\/wp-content\/uploads\/2021\/08\/Desguace-Maquinaria.jpg","contentUrl":"https:\/\/reciclajessanadrian.com\/wp-content\/uploads\/2021\/08\/Desguace-Maquinaria.jpg"},{"@type":"BreadcrumbList","@id":"https:\/\/reciclajessanadrian.com\/ca\/desballestament-industrial\/#breadcrumb","itemListElement":[{"@type":"ListItem","position":1,"name":"Portada","item":"https:\/\/reciclajessanadrian.com\/ca\/"},{"@type":"ListItem","position":2,"name":"Desballestament industrial"}]},{"@type":"WebSite","@id":"https:\/\/reciclajessanadrian.com\/#website","url":"https:\/\/reciclajessanadrian.com\/","name":"Reciclajes San Adrian","description":"Planta de Revalorizaci\u00f3n de Residuos Urbanos","publisher":{"@id":"https:\/\/reciclajessanadrian.com\/#organization"},"potentialAction":[{"@type":"SearchAction","target":{"@type":"EntryPoint","urlTemplate":"https:\/\/reciclajessanadrian.com\/?s={search_term_string}"},"query-input":{"@type":"PropertyValueSpecification","valueRequired":true,"valueName":"search_term_string"}}],"inLanguage":"ca"},{"@type":"Organization","@id":"https:\/\/reciclajessanadrian.com\/#organization","name":"Reciclajes San Adrian","url":"https:\/\/reciclajessanadrian.com\/","logo":{"@type":"ImageObject","inLanguage":"ca","@id":"https:\/\/reciclajessanadrian.com\/#\/schema\/logo\/image\/","url":"https:\/\/reciclajessanadrian.com\/wp-content\/uploads\/2021\/06\/logo-reciclajes-san-adrian.png","contentUrl":"https:\/\/reciclajessanadrian.com\/wp-content\/uploads\/2021\/06\/logo-reciclajes-san-adrian.png","width":154,"height":76,"caption":"Reciclajes San Adrian"},"image":{"@id":"https:\/\/reciclajessanadrian.com\/#\/schema\/logo\/image\/"}}]}},"_links":{"self":[{"href":"https:\/\/reciclajessanadrian.com\/ca\/wp-json\/wp\/v2\/pages\/1441","targetHints":{"allow":["GET"]}}],"collection":[{"href":"https:\/\/reciclajessanadrian.com\/ca\/wp-json\/wp\/v2\/pages"}],"about":[{"href":"https:\/\/reciclajessanadrian.com\/ca\/wp-json\/wp\/v2\/types\/page"}],"author":[{"embeddable":true,"href":"https:\/\/reciclajessanadrian.com\/ca\/wp-json\/wp\/v2\/users\/1"}],"replies":[{"embeddable":true,"href":"https:\/\/reciclajessanadrian.com\/ca\/wp-json\/wp\/v2\/comments?post=1441"}],"version-history":[{"count":4,"href":"https:\/\/reciclajessanadrian.com\/ca\/wp-json\/wp\/v2\/pages\/1441\/revisions"}],"predecessor-version":[{"id":1562,"href":"https:\/\/reciclajessanadrian.com\/ca\/wp-json\/wp\/v2\/pages\/1441\/revisions\/1562"}],"wp:attachment":[{"href":"https:\/\/reciclajessanadrian.com\/ca\/wp-json\/wp\/v2\/media?parent=1441"}],"curies":[{"name":"wp","href":"https:\/\/api.w.org\/{rel}","templated":true}]}}