{"id":1456,"date":"2023-07-27T15:19:04","date_gmt":"2023-07-27T15:19:04","guid":{"rendered":"https:\/\/reciclajessanadrian.com\/avis-legal\/"},"modified":"2024-12-02T12:04:19","modified_gmt":"2024-12-02T12:04:19","slug":"avis-legal","status":"publish","type":"page","link":"https:\/\/reciclajessanadrian.com\/ca\/avis-legal\/","title":{"rendered":"Av\u00eds legal"},"content":{"rendered":"\t\t<div data-elementor-type=\"wp-page\" data-elementor-id=\"1456\" class=\"elementor elementor-1456 elementor-509\" data-elementor-post-type=\"page\">\n\t\t\t\t\t\t<section class=\"elementor-section elementor-top-section elementor-element elementor-element-2f8cf52 elementor-section-boxed elementor-section-height-default elementor-section-height-default\" data-id=\"2f8cf52\" data-element_type=\"section\" data-e-type=\"section\">\n\t\t\t\t\t\t<div class=\"elementor-container elementor-column-gap-default\">\n\t\t\t\t\t<div class=\"elementor-column elementor-col-100 elementor-top-column elementor-element elementor-element-3455c52\" data-id=\"3455c52\" data-element_type=\"column\" data-e-type=\"column\">\n\t\t\t<div class=\"elementor-widget-wrap elementor-element-populated\">\n\t\t\t\t\t\t<div class=\"elementor-element elementor-element-feacfa6 elementor-widget elementor-widget-text-editor\" data-id=\"feacfa6\" data-element_type=\"widget\" data-e-type=\"widget\" data-widget_type=\"text-editor.default\">\n\t\t\t\t<div class=\"elementor-widget-container\">\n\t\t\t\t\t\t\t\t\t<p><em>De conformitat amb el que estableix la Llei 34\/2002, d&#8217;11 de juliol, de serveis de la societat de la informaci\u00f3 i de comer\u00e7 electr\u00f2nic, es facilita la informaci\u00f3 seg\u00fcent:<\/em><\/p>\n<h3>Dades identificatives.<\/h3>\n<p>Esteu visitant la p\u00e0gina web&nbsp; reciclajessanadrian.com titularitat de RECICLAJES SAN ADRI\u00c1N, SL, amb domicili social al c\/ Ronda, 78 de Sant Fost de Campsentelles (Barcelona), amb NIF B-58494329, inscrita al Registre Mercantil, d&#8217;ara endavant EL TITULAR.<\/p>\n<p>Podeu contactar amb el TITULAR per qualsevol dels seg\u00fcents mitjans:<\/p>\n<p>Tel\u00e8fon:&nbsp; <a href=\"tel:933811679\" style=\"font-size: 16px; align-items: var(--icon-vertical-align,center); width: 147.062px; justify-content: center; font-family: \"Open Sans\", sans-serif; text-align: center; display: inline !important;\"><span style=\"align-self: center; padding-left: 5px; display: inline !important; color: rgb(0, 0, 0); transition: color 0.3s ease 0s;\">933 811 679<\/span><\/a><\/p>\n<p>Correu electr\u00f2nic de contacte:&nbsp; <a href=\"mailto:info@reciclajessanadrian.com\">info@reciclajessanadrian.com<\/a><\/p>\n<h3>Usuaris.<\/h3>\n<p>Aquestes condicions (d&#8217;ara endavant Av\u00eds Legal) t\u00e9 per finalitat regular l&#8217;\u00fas de la p\u00e0gina web d&#8217;EL TITULAR que posa a disposici\u00f3 del p\u00fablic.<\/p>\n<p>L&#8217;acc\u00e9s i\/o \u00fas d&#8217;aquesta p\u00e0gina web atribueix la condici\u00f3 d&#8217;USUARI, que accepta, des d&#8217;aquest acc\u00e9s i\/o \u00fas, les condicions generals d&#8217;\u00fas reflectides aqu\u00ed. Les condicions esmentades s\u00f3n aplicables independentment de les condicions generals de contractaci\u00f3 que si s&#8217;escau resultin de compliment obligat. <\/p>\n<h3>\u00das del portal.<\/h3>\n<p>reciclajessanadrian.com proporciona l&#8217;acc\u00e9s a multitud d&#8217;informacions, serveis, programes o dades (d&#8217;ara endavant, \u201cels continguts\u201d) a Internet pertanyents a EL TITULAR o als seus llicenciants als quals l&#8217;USUARI hi pot tenir acc\u00e9s.<\/p>\n<p>L&#8217;usuari assumeix la responsabilitat de fer servir el portal. Aquesta responsabilitat s&#8217;est\u00e9n al registre necessari per accedir a determinats serveis o continguts. En aquest registre, l&#8217;USUARI ser\u00e0 responsable d&#8217;aportar informaci\u00f3 vera\u00e7 i l\u00edcita. Com a conseq\u00fc\u00e8ncia d&#8217;aquest registre, a l&#8217;USUARI se li pot proporcionar una contrasenya de la qual ser\u00e0 responsable, comprometent-se a fer-ne un \u00fas diligent i confidencial.   <\/p>\n<p>L&#8217;USUARI es compromet a fer un \u00fas adequat dels continguts i serveis (pe serveis de xat, f\u00f2rums de discussi\u00f3 o grups de not\u00edcies) que EL TITULAR ofereix a trav\u00e9s del seu portal i amb car\u00e0cter enunciatiu, per\u00f2 no limitatiu, a no emprar-los per :<\/p>\n<ul>\n<li>Inc\u00f3rrer en activitats il\u00b7l\u00edcites, il\u00b7legals o contr\u00e0ries a la bona fe i l&#8217;ordre p\u00fablic.<\/li>\n<li>Difondre continguts o propaganda racista, xen\u00f2foba, pornogr\u00e0fic-il\u00b7legal, d&#8217;apologia del terrorisme o atemptat\u00f2ria contra els drets humans.<\/li>\n<li>Provocar danys en els sistemes f\u00edsics i l\u00f2gics dels seus prove\u00efdors o de terceres persones, introduir o difondre a la xarxa virus inform\u00e0tics o qualssevol altres sistemes f\u00edsics o l\u00f2gics que siguin susceptibles de provocar els danys anteriorment esmentats.<\/li>\n<li>Intentar accedir i, si escau, utilitzar els comptes de correu electr\u00f2nic daltres usuaris i modificar o manipular els seus missatges.<\/li>\n<li>Utilitzar el lloc web ni les informacions que s&#8217;hi contenen amb finalitats comercials, pol\u00edtiques, publicit\u00e0ries i per a qualsevol \u00fas comercial, sobretot en l&#8217;enviament de correus electr\u00f2nics no sol\u00b7licitats.<\/li>\n<\/ul>\n<p>EL TITULAR es reserva el dret a retirar tots aquells comentaris i aportacions que vulnerin el respecte a la dignitat de la persona, que siguin discriminatoris, xen\u00f2fobs, racistes pornogr\u00e0fics, que atemptin contra la joventut o la inf\u00e0ncia, l&#8217;ordre o la seguretat p\u00fablica o que , a parer seu, no resultaran adequats per a la seva publicaci\u00f3. En qualsevol cas, EL TITULAR no ser\u00e0 responsable de les opinions abocades pels usuaris a trav\u00e9s dels f\u00f2rums, xats o altres eines de participaci\u00f3. <\/p>\n<h3>Protecci\u00f3 de dades.<\/h3>\n<p>Tot all\u00f2 relatiu a la pol\u00edtica de protecci\u00f3 de dades es troba recollit al document de pol\u00edtica de privadesa.<\/p>\n<h3>Destinataris.<\/h3>\n<p>Durant el per\u00edode de durada del tractament de les vostres dades personals, organitzaci\u00f3 podr\u00e0 cedir les vostres dades als destinataris seg\u00fcents:<\/p>\n<ul>\n<li>Jutges i Tribunals.<\/li>\n<li>Forces i cossos de seguretat de l&#8217;Estat.<\/li>\n<li>Altres autoritats o organismes p\u00fablics competents, quan el responsable tinga l&#8217;obligaci\u00f3 legal de facilitar les dades personals.<\/li>\n<\/ul>\n<h3>Continguts. Propietat intel\u00b7lectual i industrial. <\/h3>\n<p>EL TITULAR \u00e9s propietari de tots els drets de propietat intel\u00b7lectual i industrial de la seva p\u00e0gina web, aix\u00ed com dels elements continguts a la mateixa (a t\u00edtol enunciatiu: imatges, fotografies, so, \u00e0udio, v\u00eddeo, programari o textos; marques o logotips, combinacions de colors, estructura i disseny, selecci\u00f3 de materials usats, programes dordinador necessaris per al seu funcionament, acc\u00e9s i \u00fas, etc), titularitat del TITULAR o b\u00e9 dels seus llicenciants.<\/p>\n<p>Tots els drets reservats. En virtut del que disposen els articles 8 i 32.1, par\u00e0graf segon, de la Llei de propietat intel\u00b7lectual, queden expressament prohibides la reproducci\u00f3, la distribuci\u00f3 i la comunicaci\u00f3 p\u00fablica, inclosa la seva modalitat de posada a disposici\u00f3, de la totalitat o part dels continguts d&#8217;aquesta p\u00e0gina web, amb finalitats comercials, a qualsevol suport i per qualsevol mitj\u00e0 t\u00e8cnic, sense l&#8217;autoritzaci\u00f3 del TITULAR. <\/p>\n<h3>Exclusi\u00f3 de garanties i responsabilitat.<\/h3>\n<p>L&#8217;USUARI reconeix que la utilitzaci\u00f3 de la p\u00e0gina web i dels seus continguts i serveis es desenvolupa sota la seva responsabilitat exclusiva. En concret, a t\u00edtol merament enunciatiu, EL TITULAR no assumeix cap responsabilitat en els \u00e0mbits seg\u00fcents: <\/p>\n<ul>\n<li>La disponibilitat del funcionament de la p\u00e0gina web, els serveis i continguts i la qualitat o interoperabilitat.<\/li>\n<li>La finalitat per a la qual la p\u00e0gina web serveixi als objectius de l&#8217;USUARI.<\/li>\n<li>La infracci\u00f3 de la legislaci\u00f3 vigent per part de l&#8217;USUARI o tercers i, en concret, dels drets de propietat intel\u00b7lectual i industrial que siguin titularitat d&#8217;altres persones o entitats.<\/li>\n<li>L&#8217;exist\u00e8ncia de codis maliciosos o qualsevol altre element inform\u00e0tic nociu que pogu\u00e9s causar el sistema inform\u00e0tic de l&#8217;USUARI o de tercers. Correspon a l&#8217;USUARI, en tot cas, disposar d&#8217;eines adequades per a la detecci\u00f3 i la desinfecci\u00f3 d&#8217;aquests elements. <\/li>\n<li>L&#8217;acc\u00e9s fraudulent als continguts o serveis per tercers no autoritzats, o, si s&#8217;escau, la captura, l&#8217;eliminaci\u00f3, l&#8217;alteraci\u00f3, la modificaci\u00f3 o la manipulaci\u00f3 dels missatges i les comunicacions de qualsevol classe que aquests tercers pugui realitzar.<\/li>\n<li>L&#8217;exactitud, veracitat, actualitat i utilitat dels continguts i serveis oferts i la utilitzaci\u00f3 posterior que en faci l&#8217;USUARI, emprar\u00e0 tots els esfor\u00e7os i mitjans raonables per facilitar la informaci\u00f3 actualitzada i fefaent. <\/li>\n<li>Els danys produ\u00efts a equips inform\u00e0tics durant l&#8217;acc\u00e9s a la p\u00e0gina web i els danys produ\u00efts als USUARIS quan tinguin l&#8217;origen en errors o desconnexions a les xarxes de telecomunicacions que interrompin el servei.<\/li>\n<li>Els danys o perjudicis que es derivin de circumst\u00e0ncies esdevingudes per cas fortu\u00eft o for\u00e7a major.<\/li>\n<\/ul>\n<p>En cas que hi hagi f\u00f2rums, l&#8217;\u00fas dels mateixos o altres espais an\u00e0legs, cal tenir en compte que els missatges reflecteixin \u00fanicament l&#8217;opini\u00f3 de l&#8217;USUARI que els remet, que n&#8217;\u00e9s l&#8217;\u00fanic responsable. EL TITULAR no es fa responsable del contingut dels missatges enviats per l&#8217;USUARI. <\/p>\n<h3>Modificacions daquest av\u00eds legal i durada.<\/h3>\n<p>EL TITULAR es reserva el dret d&#8217;efectuar sense previ av\u00eds les modificacions que consideri oportunes al seu portal, podent canviar, suprimir o afegir tants continguts i serveis que es prestin a trav\u00e9s d&#8217;aquesta, com la forma en qu\u00e8 aquests apareguin representats o localitzats al portal.<\/p>\n<p>La vig\u00e8ncia de les condicions esmentades anir\u00e0 en funci\u00f3 de la seva exposici\u00f3 i estaran vigents fins que siguin modificades per altres degudament publicades.<\/p>\n<h3>Enlla\u00e7os.<\/h3>\n<p>En el cas que a reciclajessanadrian.com s&#8217;incloguessin enlla\u00e7os o hipervincles cap a altres llocs d&#8217;Internet, EL TITULAR no exercir\u00e0 cap mena de control sobre aquests llocs i continguts. En cap cas EL TITULAR assumir\u00e0 cap responsabilitat pels continguts d&#8217;algun enlla\u00e7 pertanyent a un lloc web ali\u00e8, ni garantir\u00e0 la disponibilitat t\u00e8cnica, qualitat, fiabilitat, exactitud, amplitud, veracitat, validesa i constitucionalitat de qualsevol mat\u00e8ria o informaci\u00f3 continguda en cap d&#8217;aquests. hipervincles i altres llocs a Internet. Igualment, la inclusi\u00f3 d&#8217;aquestes connexions externes no implicar\u00e0 cap mena d&#8217;associaci\u00f3, fusi\u00f3 o participaci\u00f3 amb les entitats connectades.  <\/p>\n<h3>Drets dexclusi\u00f3.<\/h3>\n<p>EL TITULAR es reserva el dret de denegar o retirar l&#8217;acc\u00e9s a portal i\/o als serveis oferts sense necessitat d&#8217;advertiment previ, a inst\u00e0ncia pr\u00f2pia o d&#8217;un tercer, a aquells usuaris que incompleixin el contingut d&#8217;aquest av\u00eds legal.<\/p>\n<h3>Generalitats.<\/h3>\n<p>EL TITULAR perseguir\u00e0 l&#8217;incompliment de les presents condicions, aix\u00ed com qualsevol utilitzaci\u00f3 indeguda del portal exercint totes les accions civils i penals que li puguin correspondre en dret.<\/p>\n<h3>Menors dedat.<\/h3>\n<p>reciclajessanadrian.com dirigeix \u200b\u200bels seus serveis a usuaris majors de 18. Els menors d&#8217;aquesta edat no estan autoritzats a utilitzar els nostres serveis i no ens hauran d&#8217;enviar les dades personals. Informem que, si es d\u00f3na aquesta circumst\u00e0ncia, reciclajessanadrian.com no es fa responsable de les possibles conseq\u00fc\u00e8ncies que es puguin derivar de l&#8217;incompliment de l&#8217;av\u00eds que s&#8217;estableix en aquesta mateixa cl\u00e0usula.  <\/p>\t\t\t\t\t\t\t\t<\/div>\n\t\t\t\t<\/div>\n\t\t\t\t\t<\/div>\n\t\t<\/div>\n\t\t\t\t\t<\/div>\n\t\t<\/section>\n\t\t\t\t<\/div>\n\t\t","protected":false},"excerpt":{"rendered":"<p>De conformitat amb el que estableix la Llei 34\/2002, d&#8217;11 de juliol, de serveis de la societat de la informaci\u00f3 i de comer\u00e7 electr\u00f2nic, es facilita la informaci\u00f3 seg\u00fcent: Dades identificatives. Esteu visitant la p\u00e0gina web&nbsp; reciclajessanadrian.com titularitat de RECICLAJES SAN ADRI\u00c1N, SL, amb domicili social al c\/ Ronda, 78 de Sant Fost de Campsentelles &#8230; <a title=\"Av\u00eds legal\" class=\"read-more\" href=\"https:\/\/reciclajessanadrian.com\/ca\/avis-legal\/\" aria-label=\"M\u00e9s informaci\u00f3 sobre Av\u00eds legal\">Llegiu m\u00e9s<\/a><\/p>\n","protected":false},"author":1,"featured_media":0,"parent":0,"menu_order":0,"comment_status":"closed","ping_status":"closed","template":"","meta":{"footnotes":""},"class_list":["post-1456","page","type-page","status-publish"],"yoast_head":"<!-- This site is optimized with the Yoast SEO plugin v27.1.1 - https:\/\/yoast.com\/product\/yoast-seo-wordpress\/ -->\n<title>Av\u00eds legal - Reciclajes San Adrian<\/title>\n<meta name=\"robots\" content=\"noindex, nofollow\" \/>\n<meta property=\"og:locale\" content=\"ca_ES\" \/>\n<meta property=\"og:type\" content=\"article\" \/>\n<meta property=\"og:title\" content=\"Av\u00eds legal - Reciclajes San Adrian\" \/>\n<meta property=\"og:description\" content=\"De conformitat amb el que estableix la Llei 34\/2002, d&#8217;11 de juliol, de serveis de la societat de la informaci\u00f3 i de comer\u00e7 electr\u00f2nic, es facilita la informaci\u00f3 seg\u00fcent: Dades identificatives. Esteu visitant la p\u00e0gina web&nbsp; reciclajessanadrian.com titularitat de RECICLAJES SAN ADRI\u00c1N, SL, amb domicili social al c\/ Ronda, 78 de Sant Fost de Campsentelles ... Llegiu m\u00e9s\" \/>\n<meta property=\"og:url\" content=\"https:\/\/reciclajessanadrian.com\/ca\/avis-legal\/\" \/>\n<meta property=\"og:site_name\" content=\"Reciclajes San Adrian\" \/>\n<meta property=\"article:modified_time\" content=\"2024-12-02T12:04:19+00:00\" \/>\n<meta name=\"twitter:card\" content=\"summary_large_image\" \/>\n<meta name=\"twitter:label1\" content=\"Temps estimat de lectura\" \/>\n\t<meta name=\"twitter:data1\" content=\"7 minuts\" \/>\n<script type=\"application\/ld+json\" class=\"yoast-schema-graph\">{\"@context\":\"https:\/\/schema.org\",\"@graph\":[{\"@type\":\"WebPage\",\"@id\":\"https:\/\/reciclajessanadrian.com\/ca\/avis-legal\/\",\"url\":\"https:\/\/reciclajessanadrian.com\/ca\/avis-legal\/\",\"name\":\"Av\u00eds legal - Reciclajes San Adrian\",\"isPartOf\":{\"@id\":\"https:\/\/reciclajessanadrian.com\/#website\"},\"datePublished\":\"2023-07-27T15:19:04+00:00\",\"dateModified\":\"2024-12-02T12:04:19+00:00\",\"breadcrumb\":{\"@id\":\"https:\/\/reciclajessanadrian.com\/ca\/avis-legal\/#breadcrumb\"},\"inLanguage\":\"ca\",\"potentialAction\":[{\"@type\":\"ReadAction\",\"target\":[\"https:\/\/reciclajessanadrian.com\/ca\/avis-legal\/\"]}]},{\"@type\":\"BreadcrumbList\",\"@id\":\"https:\/\/reciclajessanadrian.com\/ca\/avis-legal\/#breadcrumb\",\"itemListElement\":[{\"@type\":\"ListItem\",\"position\":1,\"name\":\"Portada\",\"item\":\"https:\/\/reciclajessanadrian.com\/ca\/\"},{\"@type\":\"ListItem\",\"position\":2,\"name\":\"Av\u00eds legal\"}]},{\"@type\":\"WebSite\",\"@id\":\"https:\/\/reciclajessanadrian.com\/#website\",\"url\":\"https:\/\/reciclajessanadrian.com\/\",\"name\":\"Reciclajes San Adrian\",\"description\":\"Planta de Revalorizaci\u00f3n de Residuos Urbanos\",\"publisher\":{\"@id\":\"https:\/\/reciclajessanadrian.com\/#organization\"},\"potentialAction\":[{\"@type\":\"SearchAction\",\"target\":{\"@type\":\"EntryPoint\",\"urlTemplate\":\"https:\/\/reciclajessanadrian.com\/?s={search_term_string}\"},\"query-input\":{\"@type\":\"PropertyValueSpecification\",\"valueRequired\":true,\"valueName\":\"search_term_string\"}}],\"inLanguage\":\"ca\"},{\"@type\":\"Organization\",\"@id\":\"https:\/\/reciclajessanadrian.com\/#organization\",\"name\":\"Reciclajes San Adrian\",\"url\":\"https:\/\/reciclajessanadrian.com\/\",\"logo\":{\"@type\":\"ImageObject\",\"inLanguage\":\"ca\",\"@id\":\"https:\/\/reciclajessanadrian.com\/#\/schema\/logo\/image\/\",\"url\":\"https:\/\/reciclajessanadrian.com\/wp-content\/uploads\/2021\/06\/logo-reciclajes-san-adrian.png\",\"contentUrl\":\"https:\/\/reciclajessanadrian.com\/wp-content\/uploads\/2021\/06\/logo-reciclajes-san-adrian.png\",\"width\":154,\"height\":76,\"caption\":\"Reciclajes San Adrian\"},\"image\":{\"@id\":\"https:\/\/reciclajessanadrian.com\/#\/schema\/logo\/image\/\"}}]}<\/script>\n<!-- \/ Yoast SEO plugin. -->","yoast_head_json":{"title":"Av\u00eds legal - Reciclajes San Adrian","robots":{"index":"noindex","follow":"nofollow"},"og_locale":"ca_ES","og_type":"article","og_title":"Av\u00eds legal - Reciclajes San Adrian","og_description":"De conformitat amb el que estableix la Llei 34\/2002, d&#8217;11 de juliol, de serveis de la societat de la informaci\u00f3 i de comer\u00e7 electr\u00f2nic, es facilita la informaci\u00f3 seg\u00fcent: Dades identificatives. Esteu visitant la p\u00e0gina web&nbsp; reciclajessanadrian.com titularitat de RECICLAJES SAN ADRI\u00c1N, SL, amb domicili social al c\/ Ronda, 78 de Sant Fost de Campsentelles ... Llegiu m\u00e9s","og_url":"https:\/\/reciclajessanadrian.com\/ca\/avis-legal\/","og_site_name":"Reciclajes San Adrian","article_modified_time":"2024-12-02T12:04:19+00:00","twitter_card":"summary_large_image","twitter_misc":{"Temps estimat de lectura":"7 minuts"},"schema":{"@context":"https:\/\/schema.org","@graph":[{"@type":"WebPage","@id":"https:\/\/reciclajessanadrian.com\/ca\/avis-legal\/","url":"https:\/\/reciclajessanadrian.com\/ca\/avis-legal\/","name":"Av\u00eds legal - Reciclajes San Adrian","isPartOf":{"@id":"https:\/\/reciclajessanadrian.com\/#website"},"datePublished":"2023-07-27T15:19:04+00:00","dateModified":"2024-12-02T12:04:19+00:00","breadcrumb":{"@id":"https:\/\/reciclajessanadrian.com\/ca\/avis-legal\/#breadcrumb"},"inLanguage":"ca","potentialAction":[{"@type":"ReadAction","target":["https:\/\/reciclajessanadrian.com\/ca\/avis-legal\/"]}]},{"@type":"BreadcrumbList","@id":"https:\/\/reciclajessanadrian.com\/ca\/avis-legal\/#breadcrumb","itemListElement":[{"@type":"ListItem","position":1,"name":"Portada","item":"https:\/\/reciclajessanadrian.com\/ca\/"},{"@type":"ListItem","position":2,"name":"Av\u00eds legal"}]},{"@type":"WebSite","@id":"https:\/\/reciclajessanadrian.com\/#website","url":"https:\/\/reciclajessanadrian.com\/","name":"Reciclajes San Adrian","description":"Planta de Revalorizaci\u00f3n de Residuos Urbanos","publisher":{"@id":"https:\/\/reciclajessanadrian.com\/#organization"},"potentialAction":[{"@type":"SearchAction","target":{"@type":"EntryPoint","urlTemplate":"https:\/\/reciclajessanadrian.com\/?s={search_term_string}"},"query-input":{"@type":"PropertyValueSpecification","valueRequired":true,"valueName":"search_term_string"}}],"inLanguage":"ca"},{"@type":"Organization","@id":"https:\/\/reciclajessanadrian.com\/#organization","name":"Reciclajes San Adrian","url":"https:\/\/reciclajessanadrian.com\/","logo":{"@type":"ImageObject","inLanguage":"ca","@id":"https:\/\/reciclajessanadrian.com\/#\/schema\/logo\/image\/","url":"https:\/\/reciclajessanadrian.com\/wp-content\/uploads\/2021\/06\/logo-reciclajes-san-adrian.png","contentUrl":"https:\/\/reciclajessanadrian.com\/wp-content\/uploads\/2021\/06\/logo-reciclajes-san-adrian.png","width":154,"height":76,"caption":"Reciclajes San Adrian"},"image":{"@id":"https:\/\/reciclajessanadrian.com\/#\/schema\/logo\/image\/"}}]}},"_links":{"self":[{"href":"https:\/\/reciclajessanadrian.com\/ca\/wp-json\/wp\/v2\/pages\/1456","targetHints":{"allow":["GET"]}}],"collection":[{"href":"https:\/\/reciclajessanadrian.com\/ca\/wp-json\/wp\/v2\/pages"}],"about":[{"href":"https:\/\/reciclajessanadrian.com\/ca\/wp-json\/wp\/v2\/types\/page"}],"author":[{"embeddable":true,"href":"https:\/\/reciclajessanadrian.com\/ca\/wp-json\/wp\/v2\/users\/1"}],"replies":[{"embeddable":true,"href":"https:\/\/reciclajessanadrian.com\/ca\/wp-json\/wp\/v2\/comments?post=1456"}],"version-history":[{"count":4,"href":"https:\/\/reciclajessanadrian.com\/ca\/wp-json\/wp\/v2\/pages\/1456\/revisions"}],"predecessor-version":[{"id":1552,"href":"https:\/\/reciclajessanadrian.com\/ca\/wp-json\/wp\/v2\/pages\/1456\/revisions\/1552"}],"wp:attachment":[{"href":"https:\/\/reciclajessanadrian.com\/ca\/wp-json\/wp\/v2\/media?parent=1456"}],"curies":[{"name":"wp","href":"https:\/\/api.w.org\/{rel}","templated":true}]}}