{"id":1462,"date":"2023-07-27T10:42:50","date_gmt":"2023-07-27T10:42:50","guid":{"rendered":"https:\/\/reciclajessanadrian.com\/escograva\/"},"modified":"2024-12-09T15:25:40","modified_gmt":"2024-12-09T15:25:40","slug":"escograva","status":"publish","type":"page","link":"https:\/\/reciclajessanadrian.com\/ca\/escograva\/","title":{"rendered":"Escograva"},"content":{"rendered":"\t\t<div data-elementor-type=\"wp-page\" data-elementor-id=\"1462\" class=\"elementor elementor-1462 elementor-431\" data-elementor-post-type=\"page\">\n\t\t\t\t\t\t<section class=\"elementor-section elementor-top-section elementor-element elementor-element-fa8cc80 elementor-section-height-min-height elementor-section-full_width elementor-section-height-default elementor-section-items-middle\" data-id=\"fa8cc80\" data-element_type=\"section\" data-e-type=\"section\" data-settings=\"{&quot;background_background&quot;:&quot;classic&quot;}\">\n\t\t\t\t\t\t\t<div class=\"elementor-background-overlay\"><\/div>\n\t\t\t\t\t\t\t<div class=\"elementor-container elementor-column-gap-default\">\n\t\t\t\t\t<div class=\"elementor-column elementor-col-100 elementor-top-column elementor-element elementor-element-98e59c0\" data-id=\"98e59c0\" data-element_type=\"column\" data-e-type=\"column\">\n\t\t\t<div class=\"elementor-widget-wrap elementor-element-populated\">\n\t\t\t\t\t\t<div class=\"elementor-element elementor-element-ffce926 elementor-widget elementor-widget-heading\" data-id=\"ffce926\" data-element_type=\"widget\" data-e-type=\"widget\" data-widget_type=\"heading.default\">\n\t\t\t\t<div class=\"elementor-widget-container\">\n\t\t\t\t\t<h1 class=\"elementor-heading-title elementor-size-default\">\"Escograva\"<\/h1>\t\t\t\t<\/div>\n\t\t\t\t<\/div>\n\t\t\t\t\t<\/div>\n\t\t<\/div>\n\t\t\t\t\t<\/div>\n\t\t<\/section>\n\t\t\t\t<section class=\"elementor-section elementor-top-section elementor-element elementor-element-08cca7f elementor-section-boxed elementor-section-height-default elementor-section-height-default\" data-id=\"08cca7f\" data-element_type=\"section\" data-e-type=\"section\">\n\t\t\t\t\t\t<div class=\"elementor-container elementor-column-gap-default\">\n\t\t\t\t\t<div class=\"elementor-column elementor-col-50 elementor-top-column elementor-element elementor-element-e86067e\" data-id=\"e86067e\" data-element_type=\"column\" data-e-type=\"column\">\n\t\t\t<div class=\"elementor-widget-wrap elementor-element-populated\">\n\t\t\t\t\t\t<div class=\"elementor-element elementor-element-33e37fa elementor-widget elementor-widget-text-editor\" data-id=\"33e37fa\" data-element_type=\"widget\" data-e-type=\"widget\" data-widget_type=\"text-editor.default\">\n\t\t\t\t<div class=\"elementor-widget-container\">\n\t\t\t\t\t\t\t\t\t<p><strong><span style=\"color: #2ebc3f;\">RECICLAJES SAN ADRIAN S.L.<\/span><\/strong>&nbsp; est\u00e0 especialitzada en la producci\u00f3 d&#8217;Escograva, un \u00e0rid reciclat i sostenible obtingut a partir de la valoritzaci\u00f3 d&#8217;esc\u00f2ries procedents de plantes de valoraci\u00f3 energ\u00e8tica, i de plantes metal\u00b7l\u00fargiques.<\/p>\t\t\t\t\t\t\t\t<\/div>\n\t\t\t\t<\/div>\n\t\t\t\t<section class=\"elementor-section elementor-inner-section elementor-element elementor-element-b043d11 elementor-section-boxed elementor-section-height-default elementor-section-height-default\" data-id=\"b043d11\" data-element_type=\"section\" data-e-type=\"section\">\n\t\t\t\t\t\t<div class=\"elementor-container elementor-column-gap-default\">\n\t\t\t\t\t<div class=\"elementor-column elementor-col-100 elementor-inner-column elementor-element elementor-element-01e208f\" data-id=\"01e208f\" data-element_type=\"column\" data-e-type=\"column\" data-settings=\"{&quot;background_background&quot;:&quot;classic&quot;}\">\n\t\t\t<div class=\"elementor-widget-wrap elementor-element-populated\">\n\t\t\t\t\t\t<div class=\"elementor-element elementor-element-40bd684 elementor-widget elementor-widget-heading\" data-id=\"40bd684\" data-element_type=\"widget\" data-e-type=\"widget\" data-widget_type=\"heading.default\">\n\t\t\t\t<div class=\"elementor-widget-container\">\n\t\t\t\t\t<h3 class=\"elementor-heading-title elementor-size-default\">Qu\u00e8 \u00e9s l'Escograva?<\/h3>\t\t\t\t<\/div>\n\t\t\t\t<\/div>\n\t\t\t\t<div class=\"elementor-element elementor-element-646eb9e elementor-widget elementor-widget-text-editor\" data-id=\"646eb9e\" data-element_type=\"widget\" data-e-type=\"widget\" data-widget_type=\"text-editor.default\">\n\t\t\t\t<div class=\"elementor-widget-container\">\n\t\t\t\t\t\t\t\t\t<p>L&#8217;Escograva \u00e9s un material completament net de metalls, i apte per a la seva aplicaci\u00f3 en obres com a sub-base de carreteres, farcits i anivellament de terrenys, adequaci\u00f3 de camins i restauraci\u00f3 de zones degradades per activitats extractives, i que t\u00e9 un cost econ\u00f2mic respecte altres materials convencionals. L&#8217;\u00fas de l&#8217;Escograva redueix l&#8217;extracci\u00f3 d&#8217;\u00e0rids i millora l&#8217;impacte ambiental. <\/p>\n\t\t\t\t\t\t\t\t<\/div>\n\t\t\t\t<\/div>\n\t\t\t\t\t<\/div>\n\t\t<\/div>\n\t\t\t\t\t<\/div>\n\t\t<\/section>\n\t\t\t\t\t<\/div>\n\t\t<\/div>\n\t\t\t\t<div class=\"elementor-column elementor-col-50 elementor-top-column elementor-element elementor-element-3e46961\" data-id=\"3e46961\" data-element_type=\"column\" data-e-type=\"column\">\n\t\t\t<div class=\"elementor-widget-wrap elementor-element-populated\">\n\t\t\t\t\t\t<div class=\"elementor-element elementor-element-13bece5 elementor-widget elementor-widget-image\" data-id=\"13bece5\" data-element_type=\"widget\" data-e-type=\"widget\" data-widget_type=\"image.default\">\n\t\t\t\t<div class=\"elementor-widget-container\">\n\t\t\t\t\t\t\t\t\t\t\t\t\t\t\t<img fetchpriority=\"high\" decoding=\"async\" width=\"800\" height=\"531\" src=\"https:\/\/reciclajessanadrian.com\/wp-content\/uploads\/2021\/08\/Escograva.jpg\" class=\"attachment-large size-large wp-image-171\" alt=\"\" srcset=\"https:\/\/reciclajessanadrian.com\/wp-content\/uploads\/2021\/08\/Escograva.jpg 800w, https:\/\/reciclajessanadrian.com\/wp-content\/uploads\/2021\/08\/Escograva-300x199.jpg 300w, https:\/\/reciclajessanadrian.com\/wp-content\/uploads\/2021\/08\/Escograva-768x510.jpg 768w\" sizes=\"(max-width: 800px) 100vw, 800px\" \/>\t\t\t\t\t\t\t\t\t\t\t\t\t\t\t<\/div>\n\t\t\t\t<\/div>\n\t\t\t\t\t<\/div>\n\t\t<\/div>\n\t\t\t\t\t<\/div>\n\t\t<\/section>\n\t\t\t\t<section class=\"elementor-section elementor-top-section elementor-element elementor-element-9a7e566 elementor-section-boxed elementor-section-height-default elementor-section-height-default\" data-id=\"9a7e566\" data-element_type=\"section\" data-e-type=\"section\">\n\t\t\t\t\t\t<div class=\"elementor-container elementor-column-gap-default\">\n\t\t\t\t\t<div class=\"elementor-column elementor-col-100 elementor-top-column elementor-element elementor-element-e2e68a7\" data-id=\"e2e68a7\" data-element_type=\"column\" data-e-type=\"column\">\n\t\t\t<div class=\"elementor-widget-wrap elementor-element-populated\">\n\t\t\t\t\t\t<div class=\"elementor-element elementor-element-87038ea elementor-widget elementor-widget-text-editor\" data-id=\"87038ea\" data-element_type=\"widget\" data-e-type=\"widget\" data-widget_type=\"text-editor.default\">\n\t\t\t\t<div class=\"elementor-widget-container\">\n\t\t\t\t\t\t\t\t\t<p>L&#8217;Escograva compleix en tot moment els criteris t\u00e8cnics d&#8217;utilitzaci\u00f3 establerts a l&#8217;Ordre de 15 de febrer de 1996 sobre valoritzaci\u00f3 d&#8217;esc\u00f2ries, de la Generalitat de Catalunya.<\/p>\n<p>L&#8217;Escograva \u00e9s un material produ\u00eft i madurat a la nostra instal\u00b7laci\u00f3, i compost b\u00e0sicament per minerals, vidre i altres materials inerts, amb una granulometria mitjana de 20 mm, i amb part\u00edcules majorit\u00e0riament inferiors a 10 mm de di\u00e0metre.<\/p>\n\t\t\t\t\t\t\t\t<\/div>\n\t\t\t\t<\/div>\n\t\t\t\t\t<\/div>\n\t\t<\/div>\n\t\t\t\t\t<\/div>\n\t\t<\/section>\n\t\t\t\t<section class=\"elementor-section elementor-top-section elementor-element elementor-element-759a270 elementor-section-boxed elementor-section-height-default elementor-section-height-default\" data-id=\"759a270\" data-element_type=\"section\" data-e-type=\"section\">\n\t\t\t\t\t\t<div class=\"elementor-container elementor-column-gap-default\">\n\t\t\t\t\t<div class=\"elementor-column elementor-col-50 elementor-top-column elementor-element elementor-element-1c3cdfd\" data-id=\"1c3cdfd\" data-element_type=\"column\" data-e-type=\"column\">\n\t\t\t<div class=\"elementor-widget-wrap elementor-element-populated\">\n\t\t\t\t\t\t<div class=\"elementor-element elementor-element-c56e03f elementor-widget elementor-widget-image\" data-id=\"c56e03f\" data-element_type=\"widget\" data-e-type=\"widget\" data-widget_type=\"image.default\">\n\t\t\t\t<div class=\"elementor-widget-container\">\n\t\t\t\t\t\t\t\t\t\t\t\t\t\t\t<img decoding=\"async\" width=\"800\" height=\"531\" src=\"https:\/\/reciclajessanadrian.com\/wp-content\/uploads\/2021\/08\/Escograva1.jpg\" class=\"attachment-large size-large wp-image-172\" alt=\"\" srcset=\"https:\/\/reciclajessanadrian.com\/wp-content\/uploads\/2021\/08\/Escograva1.jpg 800w, https:\/\/reciclajessanadrian.com\/wp-content\/uploads\/2021\/08\/Escograva1-300x199.jpg 300w, https:\/\/reciclajessanadrian.com\/wp-content\/uploads\/2021\/08\/Escograva1-768x510.jpg 768w\" sizes=\"(max-width: 800px) 100vw, 800px\" \/>\t\t\t\t\t\t\t\t\t\t\t\t\t\t\t<\/div>\n\t\t\t\t<\/div>\n\t\t\t\t\t<\/div>\n\t\t<\/div>\n\t\t\t\t<div class=\"elementor-column elementor-col-50 elementor-top-column elementor-element elementor-element-31e3267\" data-id=\"31e3267\" data-element_type=\"column\" data-e-type=\"column\">\n\t\t\t<div class=\"elementor-widget-wrap elementor-element-populated\">\n\t\t\t\t\t\t<div class=\"elementor-element elementor-element-00da405 elementor-widget elementor-widget-text-editor\" data-id=\"00da405\" data-element_type=\"widget\" data-e-type=\"widget\" data-widget_type=\"text-editor.default\">\n\t\t\t\t<div class=\"elementor-widget-container\">\n\t\t\t\t\t\t\t\t\t<p>La reutilitzaci\u00f3 de les esc\u00f2ries valoritzades procedents de les Plantes de Valoritzaci\u00f3 Energ\u00e8tica de Residus Municipals i Plantes Metal\u00b7l\u00fargiques ha estat fomentada tant per part de les autoritats competents, com per part dels usuaris en general, ja que es tracta d&#8217;un material reutilitzable d&#8217;aplicaci\u00f3 a la construcci\u00f3.<\/p>\n<p>Entre els nostres col\u00b7laboradors comptem amb empreses constructores, promotors, empreses de restauraci\u00f3 de pedreres i cimenteres que han utilitzat les terres com a subproducte per a la seva producci\u00f3.<\/p>\n<p>Caracter\u00edstiques geot\u00e8cniques<\/p>\n<p>L&#8217;Escograva \u00e9s un material granular no col\u00b7lapsable, no expansiu, no pl\u00e0stic i amb una bona capacitat portant.<\/p>\n<p>\u00c9s una \u00e0rid ben graduat amb una densitat de 1.750 kg\/m3 i no pl\u00e0stic amb un \u00edndex CBR.&gt; 80 a 100% del Proctor modificat. <\/p>\n\t\t\t\t\t\t\t\t<\/div>\n\t\t\t\t<\/div>\n\t\t\t\t\t<\/div>\n\t\t<\/div>\n\t\t\t\t\t<\/div>\n\t\t<\/section>\n\t\t\t\t<\/div>\n\t\t","protected":false},"excerpt":{"rendered":"<p>&#8220;Escograva&#8221; RECICLAJES SAN ADRIAN S.L.&nbsp; est\u00e0 especialitzada en la producci\u00f3 d&#8217;Escograva, un \u00e0rid reciclat i sostenible obtingut a partir de la valoritzaci\u00f3 d&#8217;esc\u00f2ries procedents de plantes de valoraci\u00f3 energ\u00e8tica, i de plantes metal\u00b7l\u00fargiques. Qu\u00e8 \u00e9s l&#8217;Escograva? L&#8217;Escograva \u00e9s un material completament net de metalls, i apte per a la seva aplicaci\u00f3 en obres com a &#8230; <a title=\"Escograva\" class=\"read-more\" href=\"https:\/\/reciclajessanadrian.com\/ca\/escograva\/\" aria-label=\"M\u00e9s informaci\u00f3 sobre Escograva\">Llegiu m\u00e9s<\/a><\/p>\n","protected":false},"author":1,"featured_media":0,"parent":0,"menu_order":0,"comment_status":"closed","ping_status":"closed","template":"","meta":{"footnotes":""},"class_list":["post-1462","page","type-page","status-publish"],"yoast_head":"<!-- This site is optimized with the Yoast SEO plugin v27.1.1 - https:\/\/yoast.com\/product\/yoast-seo-wordpress\/ -->\n<title>Escograva - Reciclajes San Adrian<\/title>\n<meta name=\"description\" content=\"L&#039;Escograva \u00e9s un material completament net de metalls, i apte per a la seva aplicaci\u00f3 en obres com a sub-base de carreteres.\" \/>\n<meta name=\"robots\" content=\"index, follow, max-snippet:-1, max-image-preview:large, max-video-preview:-1\" \/>\n<link rel=\"canonical\" href=\"https:\/\/reciclajessanadrian.com\/ca\/escograva\/\" \/>\n<meta property=\"og:locale\" content=\"ca_ES\" \/>\n<meta property=\"og:type\" content=\"article\" \/>\n<meta property=\"og:title\" content=\"Escograva - Reciclajes San Adrian\" \/>\n<meta property=\"og:description\" content=\"L&#039;Escograva \u00e9s un material completament net de metalls, i apte per a la seva aplicaci\u00f3 en obres com a sub-base de carreteres.\" \/>\n<meta property=\"og:url\" content=\"https:\/\/reciclajessanadrian.com\/ca\/escograva\/\" \/>\n<meta property=\"og:site_name\" content=\"Reciclajes San Adrian\" \/>\n<meta property=\"article:modified_time\" content=\"2024-12-09T15:25:40+00:00\" \/>\n<meta property=\"og:image\" content=\"https:\/\/reciclajessanadrian.com\/wp-content\/uploads\/2021\/08\/Escograva.jpg\" \/>\n<meta name=\"twitter:card\" content=\"summary_large_image\" \/>\n<meta name=\"twitter:label1\" content=\"Temps estimat de lectura\" \/>\n\t<meta name=\"twitter:data1\" content=\"2 minuts\" \/>\n<script type=\"application\/ld+json\" class=\"yoast-schema-graph\">{\"@context\":\"https:\/\/schema.org\",\"@graph\":[{\"@type\":\"WebPage\",\"@id\":\"https:\/\/reciclajessanadrian.com\/ca\/escograva\/\",\"url\":\"https:\/\/reciclajessanadrian.com\/ca\/escograva\/\",\"name\":\"Escograva - Reciclajes San Adrian\",\"isPartOf\":{\"@id\":\"https:\/\/reciclajessanadrian.com\/#website\"},\"primaryImageOfPage\":{\"@id\":\"https:\/\/reciclajessanadrian.com\/ca\/escograva\/#primaryimage\"},\"image\":{\"@id\":\"https:\/\/reciclajessanadrian.com\/ca\/escograva\/#primaryimage\"},\"thumbnailUrl\":\"https:\/\/reciclajessanadrian.com\/wp-content\/uploads\/2021\/08\/Escograva.jpg\",\"datePublished\":\"2023-07-27T10:42:50+00:00\",\"dateModified\":\"2024-12-09T15:25:40+00:00\",\"description\":\"L'Escograva \u00e9s un material completament net de metalls, i apte per a la seva aplicaci\u00f3 en obres com a sub-base de carreteres.\",\"breadcrumb\":{\"@id\":\"https:\/\/reciclajessanadrian.com\/ca\/escograva\/#breadcrumb\"},\"inLanguage\":\"ca\",\"potentialAction\":[{\"@type\":\"ReadAction\",\"target\":[\"https:\/\/reciclajessanadrian.com\/ca\/escograva\/\"]}]},{\"@type\":\"ImageObject\",\"inLanguage\":\"ca\",\"@id\":\"https:\/\/reciclajessanadrian.com\/ca\/escograva\/#primaryimage\",\"url\":\"https:\/\/reciclajessanadrian.com\/wp-content\/uploads\/2021\/08\/Escograva.jpg\",\"contentUrl\":\"https:\/\/reciclajessanadrian.com\/wp-content\/uploads\/2021\/08\/Escograva.jpg\"},{\"@type\":\"BreadcrumbList\",\"@id\":\"https:\/\/reciclajessanadrian.com\/ca\/escograva\/#breadcrumb\",\"itemListElement\":[{\"@type\":\"ListItem\",\"position\":1,\"name\":\"Portada\",\"item\":\"https:\/\/reciclajessanadrian.com\/ca\/\"},{\"@type\":\"ListItem\",\"position\":2,\"name\":\"Escograva\"}]},{\"@type\":\"WebSite\",\"@id\":\"https:\/\/reciclajessanadrian.com\/#website\",\"url\":\"https:\/\/reciclajessanadrian.com\/\",\"name\":\"Reciclajes San Adrian\",\"description\":\"Planta de Revalorizaci\u00f3n de Residuos Urbanos\",\"publisher\":{\"@id\":\"https:\/\/reciclajessanadrian.com\/#organization\"},\"potentialAction\":[{\"@type\":\"SearchAction\",\"target\":{\"@type\":\"EntryPoint\",\"urlTemplate\":\"https:\/\/reciclajessanadrian.com\/?s={search_term_string}\"},\"query-input\":{\"@type\":\"PropertyValueSpecification\",\"valueRequired\":true,\"valueName\":\"search_term_string\"}}],\"inLanguage\":\"ca\"},{\"@type\":\"Organization\",\"@id\":\"https:\/\/reciclajessanadrian.com\/#organization\",\"name\":\"Reciclajes San Adrian\",\"url\":\"https:\/\/reciclajessanadrian.com\/\",\"logo\":{\"@type\":\"ImageObject\",\"inLanguage\":\"ca\",\"@id\":\"https:\/\/reciclajessanadrian.com\/#\/schema\/logo\/image\/\",\"url\":\"https:\/\/reciclajessanadrian.com\/wp-content\/uploads\/2021\/06\/logo-reciclajes-san-adrian.png\",\"contentUrl\":\"https:\/\/reciclajessanadrian.com\/wp-content\/uploads\/2021\/06\/logo-reciclajes-san-adrian.png\",\"width\":154,\"height\":76,\"caption\":\"Reciclajes San Adrian\"},\"image\":{\"@id\":\"https:\/\/reciclajessanadrian.com\/#\/schema\/logo\/image\/\"}}]}<\/script>\n<!-- \/ Yoast SEO plugin. -->","yoast_head_json":{"title":"Escograva - Reciclajes San Adrian","description":"L'Escograva \u00e9s un material completament net de metalls, i apte per a la seva aplicaci\u00f3 en obres com a sub-base de carreteres.","robots":{"index":"index","follow":"follow","max-snippet":"max-snippet:-1","max-image-preview":"max-image-preview:large","max-video-preview":"max-video-preview:-1"},"canonical":"https:\/\/reciclajessanadrian.com\/ca\/escograva\/","og_locale":"ca_ES","og_type":"article","og_title":"Escograva - Reciclajes San Adrian","og_description":"L'Escograva \u00e9s un material completament net de metalls, i apte per a la seva aplicaci\u00f3 en obres com a sub-base de carreteres.","og_url":"https:\/\/reciclajessanadrian.com\/ca\/escograva\/","og_site_name":"Reciclajes San Adrian","article_modified_time":"2024-12-09T15:25:40+00:00","og_image":[{"url":"https:\/\/reciclajessanadrian.com\/wp-content\/uploads\/2021\/08\/Escograva.jpg","type":"","width":"","height":""}],"twitter_card":"summary_large_image","twitter_misc":{"Temps estimat de lectura":"2 minuts"},"schema":{"@context":"https:\/\/schema.org","@graph":[{"@type":"WebPage","@id":"https:\/\/reciclajessanadrian.com\/ca\/escograva\/","url":"https:\/\/reciclajessanadrian.com\/ca\/escograva\/","name":"Escograva - Reciclajes San Adrian","isPartOf":{"@id":"https:\/\/reciclajessanadrian.com\/#website"},"primaryImageOfPage":{"@id":"https:\/\/reciclajessanadrian.com\/ca\/escograva\/#primaryimage"},"image":{"@id":"https:\/\/reciclajessanadrian.com\/ca\/escograva\/#primaryimage"},"thumbnailUrl":"https:\/\/reciclajessanadrian.com\/wp-content\/uploads\/2021\/08\/Escograva.jpg","datePublished":"2023-07-27T10:42:50+00:00","dateModified":"2024-12-09T15:25:40+00:00","description":"L'Escograva \u00e9s un material completament net de metalls, i apte per a la seva aplicaci\u00f3 en obres com a sub-base de carreteres.","breadcrumb":{"@id":"https:\/\/reciclajessanadrian.com\/ca\/escograva\/#breadcrumb"},"inLanguage":"ca","potentialAction":[{"@type":"ReadAction","target":["https:\/\/reciclajessanadrian.com\/ca\/escograva\/"]}]},{"@type":"ImageObject","inLanguage":"ca","@id":"https:\/\/reciclajessanadrian.com\/ca\/escograva\/#primaryimage","url":"https:\/\/reciclajessanadrian.com\/wp-content\/uploads\/2021\/08\/Escograva.jpg","contentUrl":"https:\/\/reciclajessanadrian.com\/wp-content\/uploads\/2021\/08\/Escograva.jpg"},{"@type":"BreadcrumbList","@id":"https:\/\/reciclajessanadrian.com\/ca\/escograva\/#breadcrumb","itemListElement":[{"@type":"ListItem","position":1,"name":"Portada","item":"https:\/\/reciclajessanadrian.com\/ca\/"},{"@type":"ListItem","position":2,"name":"Escograva"}]},{"@type":"WebSite","@id":"https:\/\/reciclajessanadrian.com\/#website","url":"https:\/\/reciclajessanadrian.com\/","name":"Reciclajes San Adrian","description":"Planta de Revalorizaci\u00f3n de Residuos Urbanos","publisher":{"@id":"https:\/\/reciclajessanadrian.com\/#organization"},"potentialAction":[{"@type":"SearchAction","target":{"@type":"EntryPoint","urlTemplate":"https:\/\/reciclajessanadrian.com\/?s={search_term_string}"},"query-input":{"@type":"PropertyValueSpecification","valueRequired":true,"valueName":"search_term_string"}}],"inLanguage":"ca"},{"@type":"Organization","@id":"https:\/\/reciclajessanadrian.com\/#organization","name":"Reciclajes San Adrian","url":"https:\/\/reciclajessanadrian.com\/","logo":{"@type":"ImageObject","inLanguage":"ca","@id":"https:\/\/reciclajessanadrian.com\/#\/schema\/logo\/image\/","url":"https:\/\/reciclajessanadrian.com\/wp-content\/uploads\/2021\/06\/logo-reciclajes-san-adrian.png","contentUrl":"https:\/\/reciclajessanadrian.com\/wp-content\/uploads\/2021\/06\/logo-reciclajes-san-adrian.png","width":154,"height":76,"caption":"Reciclajes San Adrian"},"image":{"@id":"https:\/\/reciclajessanadrian.com\/#\/schema\/logo\/image\/"}}]}},"_links":{"self":[{"href":"https:\/\/reciclajessanadrian.com\/ca\/wp-json\/wp\/v2\/pages\/1462","targetHints":{"allow":["GET"]}}],"collection":[{"href":"https:\/\/reciclajessanadrian.com\/ca\/wp-json\/wp\/v2\/pages"}],"about":[{"href":"https:\/\/reciclajessanadrian.com\/ca\/wp-json\/wp\/v2\/types\/page"}],"author":[{"embeddable":true,"href":"https:\/\/reciclajessanadrian.com\/ca\/wp-json\/wp\/v2\/users\/1"}],"replies":[{"embeddable":true,"href":"https:\/\/reciclajessanadrian.com\/ca\/wp-json\/wp\/v2\/comments?post=1462"}],"version-history":[{"count":8,"href":"https:\/\/reciclajessanadrian.com\/ca\/wp-json\/wp\/v2\/pages\/1462\/revisions"}],"predecessor-version":[{"id":1667,"href":"https:\/\/reciclajessanadrian.com\/ca\/wp-json\/wp\/v2\/pages\/1462\/revisions\/1667"}],"wp:attachment":[{"href":"https:\/\/reciclajessanadrian.com\/ca\/wp-json\/wp\/v2\/media?parent=1462"}],"curies":[{"name":"wp","href":"https:\/\/api.w.org\/{rel}","templated":true}]}}