{"id":1481,"date":"2021-02-18T14:46:37","date_gmt":"2021-02-18T14:46:37","guid":{"rendered":"https:\/\/reciclajessanadrian.com\/politica-de-privadesa\/"},"modified":"2024-12-02T12:13:32","modified_gmt":"2024-12-02T12:13:32","slug":"politica-de-privadesa","status":"publish","type":"page","link":"https:\/\/reciclajessanadrian.com\/ca\/politica-de-privadesa\/","title":{"rendered":"Pol\u00edtica de privadesa"},"content":{"rendered":"\t\t<div data-elementor-type=\"wp-page\" data-elementor-id=\"1481\" class=\"elementor elementor-1481 elementor-3\" data-elementor-post-type=\"page\">\n\t\t\t\t\t\t<section class=\"elementor-section elementor-top-section elementor-element elementor-element-2f8cf52 elementor-section-boxed elementor-section-height-default elementor-section-height-default\" data-id=\"2f8cf52\" data-element_type=\"section\" data-e-type=\"section\">\n\t\t\t\t\t\t<div class=\"elementor-container elementor-column-gap-default\">\n\t\t\t\t\t<div class=\"elementor-column elementor-col-100 elementor-top-column elementor-element elementor-element-3455c52\" data-id=\"3455c52\" data-element_type=\"column\" data-e-type=\"column\">\n\t\t\t<div class=\"elementor-widget-wrap elementor-element-populated\">\n\t\t\t\t\t\t<div class=\"elementor-element elementor-element-fc8f53c elementor-widget elementor-widget-heading\" data-id=\"fc8f53c\" data-element_type=\"widget\" data-e-type=\"widget\" data-widget_type=\"heading.default\">\n\t\t\t\t<div class=\"elementor-widget-container\">\n\t\t\t\t\t<h1 class=\"elementor-heading-title elementor-size-default\">Pol\u00edtica de privadesa<\/h1>\t\t\t\t<\/div>\n\t\t\t\t<\/div>\n\t\t\t\t<div class=\"elementor-element elementor-element-feacfa6 elementor-widget elementor-widget-text-editor\" data-id=\"feacfa6\" data-element_type=\"widget\" data-e-type=\"widget\" data-widget_type=\"text-editor.default\">\n\t\t\t\t<div class=\"elementor-widget-container\">\n\t\t\t\t\t\t\t\t\t<p><strong>\u201cLES SEVES DADES ASSEGURANCES\u201d<\/strong><\/p>\n<h3>Informaci\u00f3 en compliment de la normativa de protecci\u00f3 de dades personals<\/h3>\n<\/p>\n<p>A Europa ia Espanya hi ha normes de protecci\u00f3 de dades pensades per protegir la seva informaci\u00f3 personal de compliment obligat per a la nostra entitat.<\/p>\n<p>Per aix\u00f2, \u00e9s molt important per a nosaltres que entengui perfectament qu\u00e8 farem amb les dades personals que us demanem.<\/p>\n<p>Aix\u00ed, serem transparents i us donarem el control de les vostres dades, amb un llenguatge senzill i opcions clares que us permetran decidir qu\u00e8 farem amb la vostra informaci\u00f3 personal.<\/p>\n<p>Si us plau, si un cop llegida aquesta informaci\u00f3 us queda algun dubte, no dubteu a preguntar-nos.<\/p>\n<p>Moltes gr\u00e0cies per la vostra col\u00b7laboraci\u00f3.<\/p>\n<\/p>\n<ul>\n<li><strong>Qui<\/strong> <strong>som?<\/strong><\/li>\n<li>La nostra denominaci\u00f3: <strong>RECICLAJES SAN ADRI\u00c1N SL<\/strong><\/li>\n<li>El nostre CIF \/ NIF: <strong>B58494329<\/strong><\/li>\n<li>La nostra activitat principal: <strong>Valoritzaci\u00f3 d&#8217;esc\u00f2ries i gesti\u00f3 de residus<\/strong><\/li>\n<li>La nostra adre\u00e7a: <strong>C\/ RONDA 78, 08105 &#8211; Sant Fost de Campsentelles (Barcelona)<\/strong><\/li>\n<li>El nostre tel\u00e8fon de contacte: <strong>933 811 679<\/strong><\/li>\n<li>La nostra adre\u00e7a de correu electr\u00f2nic de contacte: <strong>info@reciclajessanadrian.com<\/strong><\/li>\n<li>La nostra p\u00e0gina web: <strong>https:\/\/reciclajessanadrian.com<\/strong><\/li>\n<li>Per a la vostra confian\u00e7a i seguretat, us informem que som una entitat inscrita en el seg\u00fcent Registre Mercantil \/Registre P\u00fablic:<\/li>\n<\/ul>\n<p>Estem a la vostra disposici\u00f3, no dubteu a contactar amb nosaltres.<\/p>\n<\/p>\n<ul>\n<li><strong>Per qu\u00e8 utilitzarem les vostres dades?<\/strong><\/li>\n<\/ul>\n<p>Amb car\u00e0cter general, les seves dades personals seran utilitzades per poder relacionar-nos amb vost\u00e8 i poder prestar-li els nostres serveis.<\/p>\n<p>Aix\u00ed mateix, tamb\u00e9 poden ser usats per a altres activitats, com enviar publicitat o promocionar les nostres activitats.  <\/p>\n<\/p>\n<ul>\n<li><strong>Per qu\u00e8 necessitem fer servir les seves dades?<\/strong><\/li>\n<\/ul>\n<p>Les vostres dades personals s\u00f3n necess\u00e0ries per poder relacionar-nos amb vost\u00e8 i poder prestar-li els nostres serveis. En aquest sentit, posarem a la vostra disposici\u00f3 una s\u00e8rie de caselles que us permetran decidir de manera clara i senzilla sobre l&#8217;\u00fas de la vostra informaci\u00f3 personal.   <\/p>\n<\/p>\n<ul>\n<li><strong>Qui coneixer\u00e0 la informaci\u00f3 que us demanem?<\/strong><\/li>\n<\/ul>\n<p>Amb car\u00e0cter general, nom\u00e9s el personal de la nostra entitat que estigui degudament autoritzat podr\u00e0 tenir coneixement de la informaci\u00f3 que us demanem.<\/p>\n<p>De la mateixa manera, podran tenir coneixement de la seva informaci\u00f3 personal aquelles entitats que necessitin tenir-hi acc\u00e9s perqu\u00e8 puguem prestar-li els nostres serveis. Aix\u00ed, per exemple, el nostre banc coneixer\u00e0 les vostres dades si el pagament dels nostres serveis es realitza mitjan\u00e7ant targeta o transfer\u00e8ncia banc\u00e0ria. <\/p>\n<p>Aix\u00ed mateix, tindran coneixement de la seva informaci\u00f3 aquelles entitats p\u00fabliques o privades a les quals estiguem obligats a facilitar les dades personals amb motiu del compliment d&#8217;alguna llei. Posant-ne un exemple, la Llei Tribut\u00e0ria obliga a facilitar a l&#8217;Ag\u00e8ncia Tribut\u00e0ria determinada informaci\u00f3 sobre operacions econ\u00f2miques que superin una quantitat determinada. <\/p>\n<p>En el cas que, al marge dels sup\u00f2sits comentats, necessitem donar a con\u00e8ixer la vostra informaci\u00f3 personal a altres entitats, us sol\u00b7licitarem pr\u00e8viament el vostre perm\u00eds a trav\u00e9s d&#8217;opcions clares que us permetran decidir sobre aix\u00f2.<\/p>\n<\/p>\n<ul>\n<li><strong>Com protegirem les vostres dades?<\/strong><\/li>\n<\/ul>\n<p>Protegirem les vostres dades amb mesures de seguretat eficaces en funci\u00f3 dels riscos que comporti l&#8217;\u00fas de la vostra informaci\u00f3.<\/p>\n<p>Per aix\u00f2, la nostra entitat ha aprovat una Pol\u00edtica de Protecci\u00f3 de Dades i es realitzen controls i auditories anuals per verificar que les seves dades personals estan segures en tot moment.<\/p>\n<\/p>\n<ul>\n<li><strong>Enviarem les vostres dades a altres pa\u00efsos?<\/strong><\/li>\n<\/ul>\n<p>Al m\u00f3n hi ha pa\u00efsos que s\u00f3n segurs per a les seves dades i d&#8217;altres que no ho s\u00f3n tant. Aix\u00ed, per exemple, la Uni\u00f3 Europea \u00e9s un entorn segur per a les vostres dades. La nostra pol\u00edtica \u00e9s no enviar la vostra informaci\u00f3 personal a cap pa\u00eds que no sigui segur des del punt de vista de la protecci\u00f3 de les vostres dades.  <\/p>\n<p>En cas que, amb motiu de prestar-vos el servei, sigui imprescindible enviar les vostres dades a un pa\u00eds que no sigui tan segur com Espanya, sempre us sol\u00b7licitarem pr\u00e8viament el vostre perm\u00eds i aplicarem mesures de seguretat eficaces que redueixin els riscos de l&#8217;enviament de la vostra informaci\u00f3 personal a un altre pa\u00eds.<\/p>\n<\/p>\n<ul>\n<li><strong>Durant quant de temps conservarem les vostres dades?<\/strong><\/li>\n<\/ul>\n<p>Conservarem les vostres dades durant la nostra relaci\u00f3 i mentre ens obliguin les lleis. Un cop finalitzats els terminis legals aplicables, procedirem a eliminar-los de manera segura i respectuosa amb el medi ambient. <\/p>\n<\/p>\n<ul>\n<li><strong>Quins s\u00f3n els vostres drets de protecci\u00f3 de dades?<\/strong><\/li>\n<\/ul>\n<p>En qualsevol moment us podeu adre\u00e7ar a nosaltres per saber quina informaci\u00f3 tenim sobre v\u00f3s, rectificar-la si fos incorrecta i eliminar-la un cop finalitzada la nostra relaci\u00f3, en el cas que aix\u00f2 sigui legalment possible.<\/p>\n<p>Tamb\u00e9 teniu dret a sol\u00b7licitar el trasp\u00e0s de la vostra informaci\u00f3 a una altra entitat. Aquest dret s&#8217;anomena portabilitat i pot ser \u00fatil en determinades situacions. <\/p>\n<p>Per sol\u00b7licitar algun d&#8217;aquests drets, heu de fer una sol\u00b7licitud escrita a la nostra adre\u00e7a, juntament amb una fotoc\u00f2pia del vostre DNI, per poder-lo identificar.<\/p>\n<p>A les oficines de la nostra entitat disposem de formularis espec\u00edfics per sol\u00b7licitar aquests drets i us oferim la nostra ajuda per emplenar-la.<\/p>\n<p>Per saber m\u00e9s sobre els vostres drets de protecci\u00f3 de dades, podeu consultar la p\u00e0gina web de l&#8217;Ag\u00e8ncia Espanyola de Protecci\u00f3 de Dades ( <a href=\"http:\/\/www.agpd.es\">www.agpd.es<\/a> ).<\/p>\n<\/p>\n<ul>\n<li><strong>\u00bf Podeu retirar el vostre consentiment si canvieu d&#8217;opini\u00f3 en un moment posterior?<\/strong><\/li>\n<\/ul>\n<p>Vost\u00e8 pot retirar el seu consentiment si canvia dopini\u00f3 sobre l\u00fas de les seves dades en qualsevol moment.<\/p>\n<p>Aix\u00ed per exemple, si vost\u00e8 al seu dia va estar interessat\/da a rebre publicitat dels nostres productes o serveis, per\u00f2 ja no desitja rebre m\u00e9s publicitat, ens ho pot fer constar a trav\u00e9s del formulari d&#8217;oposici\u00f3 al tractament disponible a les oficines de la nostra entitat.<\/p>\n<\/p>\n<ul>\n<li><strong>En cas que entengueu que els vostres drets han estat desatesos, on podeu formular una reclamaci\u00f3?<\/strong><\/li>\n<\/ul>\n<p>En cas que entengueu que els vostres drets han estat desatesos per la nostra entitat, podeu formular una reclamaci\u00f3 a l&#8217;Ag\u00e8ncia Espanyola de Protecci\u00f3 de Dades, a trav\u00e9s d&#8217;algun dels mitjans seg\u00fcents:<\/p>\n<ul>\n<li>Seu electr\u00f2nica: www.agpd.es<\/li>\n<li>Adre\u00e7a postal:<\/li>\n<\/ul>\n<p>Ag\u00e8ncia Espanyola de Protecci\u00f3 de Dades<br \/> C\/ Jorge Juan, 6<br \/> 28001-Madrid<\/p>\n<ul>\n<li>Via telef\u00f2nica:<\/li>\n<\/ul>\n<p>Telf. \u200b\u200b901 100 099 <\/p>\n<p>Telf. \u200b\u200b91 266 35 17 <\/p>\n<p>Formular una reclamaci\u00f3 a l&#8217;Ag\u00e8ncia Espanyola de Protecci\u00f3 de Dades no comporta cap cost i no cal l&#8217;assist\u00e8ncia d&#8217;advocat ni procurador.<\/p>\n<\/p>\n<ul>\n<li><strong>Elaborarem perfils sobre vost\u00e8?<\/strong><\/li>\n<\/ul>\n<p>La nostra pol\u00edtica \u00e9s no fer perfils sobre els usuaris dels nostres serveis.<\/p>\n<p>No obstant aix\u00f2, poden existir situacions en qu\u00e8, amb finalitats de prestaci\u00f3 del servei, comercials o d&#8217;un altre tipus, necessitem elaborar perfils d&#8217;informaci\u00f3 sobre vost\u00e8. adaptats als vostres gustos o necessitats. <\/p>\n<p>En aquest cas, aplicarem mesures de seguretat eficaces que protegeixin la seva informaci\u00f3 en tot moment de persones no autoritzades que pretenguin utilitzar-la en benefici propi.<\/p>\n<p><strong> <\/strong><\/p>\n<ul>\n<li><strong>Farem servir les vostres dades per a altres fins?<\/strong><\/li>\n<\/ul>\n<p>La nostra pol\u00edtica \u00e9s no utilitzar les vostres dades per a altres finalitats diferents de les que us hem explicat. Si, no obstant, necessit\u00e9ssim utilitzar les seves dades per a activitats diferents, sempre us sol\u00b7licitarem pr\u00e8viament el vostre perm\u00eds a trav\u00e9s d&#8217;opcions clares que us permetran decidir sobre aix\u00f2. <\/p>\n\t\t\t\t\t\t\t\t<\/div>\n\t\t\t\t<\/div>\n\t\t\t\t\t<\/div>\n\t\t<\/div>\n\t\t\t\t\t<\/div>\n\t\t<\/section>\n\t\t\t\t<\/div>\n\t\t","protected":false},"excerpt":{"rendered":"<p>Pol\u00edtica de privadesa \u201cLES SEVES DADES ASSEGURANCES\u201d Informaci\u00f3 en compliment de la normativa de protecci\u00f3 de dades personals A Europa ia Espanya hi ha normes de protecci\u00f3 de dades pensades per protegir la seva informaci\u00f3 personal de compliment obligat per a la nostra entitat. Per aix\u00f2, \u00e9s molt important per a nosaltres que entengui perfectament &#8230; <a title=\"Pol\u00edtica de privadesa\" class=\"read-more\" href=\"https:\/\/reciclajessanadrian.com\/ca\/politica-de-privadesa\/\" aria-label=\"M\u00e9s informaci\u00f3 sobre Pol\u00edtica de privadesa\">Llegiu m\u00e9s<\/a><\/p>\n","protected":false},"author":1,"featured_media":0,"parent":0,"menu_order":0,"comment_status":"closed","ping_status":"open","template":"","meta":{"footnotes":""},"class_list":["post-1481","page","type-page","status-publish"],"yoast_head":"<!-- This site is optimized with the Yoast SEO plugin v27.1.1 - https:\/\/yoast.com\/product\/yoast-seo-wordpress\/ -->\n<title>Pol\u00edtica de privadesa - Reciclajes San Adrian<\/title>\n<meta name=\"robots\" content=\"noindex, nofollow\" \/>\n<meta property=\"og:locale\" content=\"ca_ES\" \/>\n<meta property=\"og:type\" content=\"article\" \/>\n<meta property=\"og:title\" content=\"Pol\u00edtica de privadesa - Reciclajes San Adrian\" \/>\n<meta property=\"og:description\" content=\"Pol\u00edtica de privadesa \u201cLES SEVES DADES ASSEGURANCES\u201d Informaci\u00f3 en compliment de la normativa de protecci\u00f3 de dades personals A Europa ia Espanya hi ha normes de protecci\u00f3 de dades pensades per protegir la seva informaci\u00f3 personal de compliment obligat per a la nostra entitat. Per aix\u00f2, \u00e9s molt important per a nosaltres que entengui perfectament ... Llegiu m\u00e9s\" \/>\n<meta property=\"og:url\" content=\"https:\/\/reciclajessanadrian.com\/ca\/politica-de-privadesa\/\" \/>\n<meta property=\"og:site_name\" content=\"Reciclajes San Adrian\" \/>\n<meta property=\"article:modified_time\" content=\"2024-12-02T12:13:32+00:00\" \/>\n<meta name=\"twitter:card\" content=\"summary_large_image\" \/>\n<meta name=\"twitter:label1\" content=\"Temps estimat de lectura\" \/>\n\t<meta name=\"twitter:data1\" content=\"6 minuts\" \/>\n<script type=\"application\/ld+json\" class=\"yoast-schema-graph\">{\"@context\":\"https:\/\/schema.org\",\"@graph\":[{\"@type\":\"WebPage\",\"@id\":\"https:\/\/reciclajessanadrian.com\/ca\/politica-de-privadesa\/\",\"url\":\"https:\/\/reciclajessanadrian.com\/ca\/politica-de-privadesa\/\",\"name\":\"Pol\u00edtica de privadesa - Reciclajes San Adrian\",\"isPartOf\":{\"@id\":\"https:\/\/reciclajessanadrian.com\/#website\"},\"datePublished\":\"2021-02-18T14:46:37+00:00\",\"dateModified\":\"2024-12-02T12:13:32+00:00\",\"breadcrumb\":{\"@id\":\"https:\/\/reciclajessanadrian.com\/ca\/politica-de-privadesa\/#breadcrumb\"},\"inLanguage\":\"ca\",\"potentialAction\":[{\"@type\":\"ReadAction\",\"target\":[\"https:\/\/reciclajessanadrian.com\/ca\/politica-de-privadesa\/\"]}]},{\"@type\":\"BreadcrumbList\",\"@id\":\"https:\/\/reciclajessanadrian.com\/ca\/politica-de-privadesa\/#breadcrumb\",\"itemListElement\":[{\"@type\":\"ListItem\",\"position\":1,\"name\":\"Portada\",\"item\":\"https:\/\/reciclajessanadrian.com\/ca\/\"},{\"@type\":\"ListItem\",\"position\":2,\"name\":\"Pol\u00edtica de privadesa\"}]},{\"@type\":\"WebSite\",\"@id\":\"https:\/\/reciclajessanadrian.com\/#website\",\"url\":\"https:\/\/reciclajessanadrian.com\/\",\"name\":\"Reciclajes San Adrian\",\"description\":\"Planta de Revalorizaci\u00f3n de Residuos Urbanos\",\"publisher\":{\"@id\":\"https:\/\/reciclajessanadrian.com\/#organization\"},\"potentialAction\":[{\"@type\":\"SearchAction\",\"target\":{\"@type\":\"EntryPoint\",\"urlTemplate\":\"https:\/\/reciclajessanadrian.com\/?s={search_term_string}\"},\"query-input\":{\"@type\":\"PropertyValueSpecification\",\"valueRequired\":true,\"valueName\":\"search_term_string\"}}],\"inLanguage\":\"ca\"},{\"@type\":\"Organization\",\"@id\":\"https:\/\/reciclajessanadrian.com\/#organization\",\"name\":\"Reciclajes San Adrian\",\"url\":\"https:\/\/reciclajessanadrian.com\/\",\"logo\":{\"@type\":\"ImageObject\",\"inLanguage\":\"ca\",\"@id\":\"https:\/\/reciclajessanadrian.com\/#\/schema\/logo\/image\/\",\"url\":\"https:\/\/reciclajessanadrian.com\/wp-content\/uploads\/2021\/06\/logo-reciclajes-san-adrian.png\",\"contentUrl\":\"https:\/\/reciclajessanadrian.com\/wp-content\/uploads\/2021\/06\/logo-reciclajes-san-adrian.png\",\"width\":154,\"height\":76,\"caption\":\"Reciclajes San Adrian\"},\"image\":{\"@id\":\"https:\/\/reciclajessanadrian.com\/#\/schema\/logo\/image\/\"}}]}<\/script>\n<!-- \/ Yoast SEO plugin. -->","yoast_head_json":{"title":"Pol\u00edtica de privadesa - Reciclajes San Adrian","robots":{"index":"noindex","follow":"nofollow"},"og_locale":"ca_ES","og_type":"article","og_title":"Pol\u00edtica de privadesa - Reciclajes San Adrian","og_description":"Pol\u00edtica de privadesa \u201cLES SEVES DADES ASSEGURANCES\u201d Informaci\u00f3 en compliment de la normativa de protecci\u00f3 de dades personals A Europa ia Espanya hi ha normes de protecci\u00f3 de dades pensades per protegir la seva informaci\u00f3 personal de compliment obligat per a la nostra entitat. Per aix\u00f2, \u00e9s molt important per a nosaltres que entengui perfectament ... Llegiu m\u00e9s","og_url":"https:\/\/reciclajessanadrian.com\/ca\/politica-de-privadesa\/","og_site_name":"Reciclajes San Adrian","article_modified_time":"2024-12-02T12:13:32+00:00","twitter_card":"summary_large_image","twitter_misc":{"Temps estimat de lectura":"6 minuts"},"schema":{"@context":"https:\/\/schema.org","@graph":[{"@type":"WebPage","@id":"https:\/\/reciclajessanadrian.com\/ca\/politica-de-privadesa\/","url":"https:\/\/reciclajessanadrian.com\/ca\/politica-de-privadesa\/","name":"Pol\u00edtica de privadesa - Reciclajes San Adrian","isPartOf":{"@id":"https:\/\/reciclajessanadrian.com\/#website"},"datePublished":"2021-02-18T14:46:37+00:00","dateModified":"2024-12-02T12:13:32+00:00","breadcrumb":{"@id":"https:\/\/reciclajessanadrian.com\/ca\/politica-de-privadesa\/#breadcrumb"},"inLanguage":"ca","potentialAction":[{"@type":"ReadAction","target":["https:\/\/reciclajessanadrian.com\/ca\/politica-de-privadesa\/"]}]},{"@type":"BreadcrumbList","@id":"https:\/\/reciclajessanadrian.com\/ca\/politica-de-privadesa\/#breadcrumb","itemListElement":[{"@type":"ListItem","position":1,"name":"Portada","item":"https:\/\/reciclajessanadrian.com\/ca\/"},{"@type":"ListItem","position":2,"name":"Pol\u00edtica de privadesa"}]},{"@type":"WebSite","@id":"https:\/\/reciclajessanadrian.com\/#website","url":"https:\/\/reciclajessanadrian.com\/","name":"Reciclajes San Adrian","description":"Planta de Revalorizaci\u00f3n de Residuos Urbanos","publisher":{"@id":"https:\/\/reciclajessanadrian.com\/#organization"},"potentialAction":[{"@type":"SearchAction","target":{"@type":"EntryPoint","urlTemplate":"https:\/\/reciclajessanadrian.com\/?s={search_term_string}"},"query-input":{"@type":"PropertyValueSpecification","valueRequired":true,"valueName":"search_term_string"}}],"inLanguage":"ca"},{"@type":"Organization","@id":"https:\/\/reciclajessanadrian.com\/#organization","name":"Reciclajes San Adrian","url":"https:\/\/reciclajessanadrian.com\/","logo":{"@type":"ImageObject","inLanguage":"ca","@id":"https:\/\/reciclajessanadrian.com\/#\/schema\/logo\/image\/","url":"https:\/\/reciclajessanadrian.com\/wp-content\/uploads\/2021\/06\/logo-reciclajes-san-adrian.png","contentUrl":"https:\/\/reciclajessanadrian.com\/wp-content\/uploads\/2021\/06\/logo-reciclajes-san-adrian.png","width":154,"height":76,"caption":"Reciclajes San Adrian"},"image":{"@id":"https:\/\/reciclajessanadrian.com\/#\/schema\/logo\/image\/"}}]}},"_links":{"self":[{"href":"https:\/\/reciclajessanadrian.com\/ca\/wp-json\/wp\/v2\/pages\/1481","targetHints":{"allow":["GET"]}}],"collection":[{"href":"https:\/\/reciclajessanadrian.com\/ca\/wp-json\/wp\/v2\/pages"}],"about":[{"href":"https:\/\/reciclajessanadrian.com\/ca\/wp-json\/wp\/v2\/types\/page"}],"author":[{"embeddable":true,"href":"https:\/\/reciclajessanadrian.com\/ca\/wp-json\/wp\/v2\/users\/1"}],"replies":[{"embeddable":true,"href":"https:\/\/reciclajessanadrian.com\/ca\/wp-json\/wp\/v2\/comments?post=1481"}],"version-history":[{"count":4,"href":"https:\/\/reciclajessanadrian.com\/ca\/wp-json\/wp\/v2\/pages\/1481\/revisions"}],"predecessor-version":[{"id":1554,"href":"https:\/\/reciclajessanadrian.com\/ca\/wp-json\/wp\/v2\/pages\/1481\/revisions\/1554"}],"wp:attachment":[{"href":"https:\/\/reciclajessanadrian.com\/ca\/wp-json\/wp\/v2\/media?parent=1481"}],"curies":[{"name":"wp","href":"https:\/\/api.w.org\/{rel}","templated":true}]}}