{"id":1525,"date":"2024-03-01T11:19:16","date_gmt":"2024-03-01T11:19:16","guid":{"rendered":"https:\/\/reciclajessanadrian.com\/timeline\/"},"modified":"2024-12-02T11:53:31","modified_gmt":"2024-12-02T11:53:31","slug":"timeline","status":"publish","type":"page","link":"https:\/\/reciclajessanadrian.com\/ca\/timeline\/","title":{"rendered":"Timeline"},"content":{"rendered":"\t\t<div data-elementor-type=\"wp-page\" data-elementor-id=\"1525\" class=\"elementor elementor-1525 elementor-1013\" data-elementor-post-type=\"page\">\n\t\t\t\t\t\t<section class=\"elementor-section elementor-top-section elementor-element elementor-element-80546f1 elementor-section-full_width elementor-section-height-default elementor-section-height-default\" data-id=\"80546f1\" data-element_type=\"section\" data-e-type=\"section\">\n\t\t\t\t\t\t<div class=\"elementor-container elementor-column-gap-default\">\n\t\t\t\t\t<div class=\"elementor-column elementor-col-100 elementor-top-column elementor-element elementor-element-dcaaccb\" data-id=\"dcaaccb\" data-element_type=\"column\" data-e-type=\"column\">\n\t\t\t<div class=\"elementor-widget-wrap\">\n\t\t\t\t\t\t\t<\/div>\n\t\t<\/div>\n\t\t\t\t\t<\/div>\n\t\t<\/section>\n\t\t\t\t<\/div>\n\t\t","protected":false},"excerpt":{"rendered":"<p>Desc\u00e0rregaDesc\u00e0rrega de les Esc\u00f2ries Les esc\u00f2ries, aquest residu de plantes de valoritzaci\u00f3 energ\u00e8tica de RSU que ja no combustionen, \u00e9s ric en materials i subst\u00e0ncies, que degudament tractades poden esdevenir valuosos recursos Les esc\u00f2ries arriben di\u00e0riament a la nostra planta en camions de gran tonatge que s\u00f3n acuradament pesats i buidats a les zones de &#8230; <a title=\"Timeline\" class=\"read-more\" href=\"https:\/\/reciclajessanadrian.com\/ca\/timeline\/\" aria-label=\"M\u00e9s informaci\u00f3 sobre Timeline\">Llegiu m\u00e9s<\/a><\/p>\n","protected":false},"author":1,"featured_media":0,"parent":0,"menu_order":0,"comment_status":"closed","ping_status":"closed","template":"","meta":{"footnotes":""},"class_list":["post-1525","page","type-page","status-publish"],"yoast_head":"<!-- This site is optimized with the Yoast SEO plugin v27.1.1 - https:\/\/yoast.com\/product\/yoast-seo-wordpress\/ -->\n<title>Timeline - Reciclajes San Adrian<\/title>\n<meta name=\"robots\" content=\"index, follow, max-snippet:-1, max-image-preview:large, max-video-preview:-1\" \/>\n<link rel=\"canonical\" href=\"https:\/\/reciclajessanadrian.com\/ca\/timeline\/\" \/>\n<meta property=\"og:locale\" content=\"ca_ES\" \/>\n<meta property=\"og:type\" content=\"article\" \/>\n<meta property=\"og:title\" content=\"Timeline - Reciclajes San Adrian\" \/>\n<meta property=\"og:description\" content=\"Desc\u00e0rregaDesc\u00e0rrega de les Esc\u00f2ries Les esc\u00f2ries, aquest residu de plantes de valoritzaci\u00f3 energ\u00e8tica de RSU que ja no combustionen, \u00e9s ric en materials i subst\u00e0ncies, que degudament tractades poden esdevenir valuosos recursos Les esc\u00f2ries arriben di\u00e0riament a la nostra planta en camions de gran tonatge que s\u00f3n acuradament pesats i buidats a les zones de ... Llegiu m\u00e9s\" \/>\n<meta property=\"og:url\" content=\"https:\/\/reciclajessanadrian.com\/ca\/timeline\/\" \/>\n<meta property=\"og:site_name\" content=\"Reciclajes San Adrian\" \/>\n<meta property=\"article:modified_time\" content=\"2024-12-02T11:53:31+00:00\" \/>\n<meta property=\"og:image\" content=\"https:\/\/reciclajessanadrian.com\/wp-content\/uploads\/2023\/09\/DSC01075-1024x768.jpg\" \/>\n<meta name=\"twitter:card\" content=\"summary_large_image\" \/>\n<meta name=\"twitter:label1\" content=\"Temps estimat de lectura\" \/>\n\t<meta name=\"twitter:data1\" content=\"2 minuts\" \/>\n<script type=\"application\/ld+json\" class=\"yoast-schema-graph\">{\"@context\":\"https:\/\/schema.org\",\"@graph\":[{\"@type\":\"WebPage\",\"@id\":\"https:\/\/reciclajessanadrian.com\/ca\/timeline\/\",\"url\":\"https:\/\/reciclajessanadrian.com\/ca\/timeline\/\",\"name\":\"Timeline - Reciclajes San Adrian\",\"isPartOf\":{\"@id\":\"https:\/\/reciclajessanadrian.com\/#website\"},\"primaryImageOfPage\":{\"@id\":\"https:\/\/reciclajessanadrian.com\/ca\/timeline\/#primaryimage\"},\"image\":{\"@id\":\"https:\/\/reciclajessanadrian.com\/ca\/timeline\/#primaryimage\"},\"thumbnailUrl\":\"https:\/\/reciclajessanadrian.com\/wp-content\/uploads\/2023\/09\/DSC01075-1024x768.jpg\",\"datePublished\":\"2024-03-01T11:19:16+00:00\",\"dateModified\":\"2024-12-02T11:53:31+00:00\",\"breadcrumb\":{\"@id\":\"https:\/\/reciclajessanadrian.com\/ca\/timeline\/#breadcrumb\"},\"inLanguage\":\"ca\",\"potentialAction\":[{\"@type\":\"ReadAction\",\"target\":[\"https:\/\/reciclajessanadrian.com\/ca\/timeline\/\"]}]},{\"@type\":\"ImageObject\",\"inLanguage\":\"ca\",\"@id\":\"https:\/\/reciclajessanadrian.com\/ca\/timeline\/#primaryimage\",\"url\":\"https:\/\/reciclajessanadrian.com\/wp-content\/uploads\/2023\/09\/DSC01075-1024x768.jpg\",\"contentUrl\":\"https:\/\/reciclajessanadrian.com\/wp-content\/uploads\/2023\/09\/DSC01075-1024x768.jpg\"},{\"@type\":\"BreadcrumbList\",\"@id\":\"https:\/\/reciclajessanadrian.com\/ca\/timeline\/#breadcrumb\",\"itemListElement\":[{\"@type\":\"ListItem\",\"position\":1,\"name\":\"Portada\",\"item\":\"https:\/\/reciclajessanadrian.com\/ca\/\"},{\"@type\":\"ListItem\",\"position\":2,\"name\":\"Timeline\"}]},{\"@type\":\"WebSite\",\"@id\":\"https:\/\/reciclajessanadrian.com\/#website\",\"url\":\"https:\/\/reciclajessanadrian.com\/\",\"name\":\"Reciclajes San Adrian\",\"description\":\"Planta de Revalorizaci\u00f3n de Residuos Urbanos\",\"publisher\":{\"@id\":\"https:\/\/reciclajessanadrian.com\/#organization\"},\"potentialAction\":[{\"@type\":\"SearchAction\",\"target\":{\"@type\":\"EntryPoint\",\"urlTemplate\":\"https:\/\/reciclajessanadrian.com\/?s={search_term_string}\"},\"query-input\":{\"@type\":\"PropertyValueSpecification\",\"valueRequired\":true,\"valueName\":\"search_term_string\"}}],\"inLanguage\":\"ca\"},{\"@type\":\"Organization\",\"@id\":\"https:\/\/reciclajessanadrian.com\/#organization\",\"name\":\"Reciclajes San Adrian\",\"url\":\"https:\/\/reciclajessanadrian.com\/\",\"logo\":{\"@type\":\"ImageObject\",\"inLanguage\":\"ca\",\"@id\":\"https:\/\/reciclajessanadrian.com\/#\/schema\/logo\/image\/\",\"url\":\"https:\/\/reciclajessanadrian.com\/wp-content\/uploads\/2021\/06\/logo-reciclajes-san-adrian.png\",\"contentUrl\":\"https:\/\/reciclajessanadrian.com\/wp-content\/uploads\/2021\/06\/logo-reciclajes-san-adrian.png\",\"width\":154,\"height\":76,\"caption\":\"Reciclajes San Adrian\"},\"image\":{\"@id\":\"https:\/\/reciclajessanadrian.com\/#\/schema\/logo\/image\/\"}}]}<\/script>\n<!-- \/ Yoast SEO plugin. -->","yoast_head_json":{"title":"Timeline - Reciclajes San Adrian","robots":{"index":"index","follow":"follow","max-snippet":"max-snippet:-1","max-image-preview":"max-image-preview:large","max-video-preview":"max-video-preview:-1"},"canonical":"https:\/\/reciclajessanadrian.com\/ca\/timeline\/","og_locale":"ca_ES","og_type":"article","og_title":"Timeline - Reciclajes San Adrian","og_description":"Desc\u00e0rregaDesc\u00e0rrega de les Esc\u00f2ries Les esc\u00f2ries, aquest residu de plantes de valoritzaci\u00f3 energ\u00e8tica de RSU que ja no combustionen, \u00e9s ric en materials i subst\u00e0ncies, que degudament tractades poden esdevenir valuosos recursos Les esc\u00f2ries arriben di\u00e0riament a la nostra planta en camions de gran tonatge que s\u00f3n acuradament pesats i buidats a les zones de ... Llegiu m\u00e9s","og_url":"https:\/\/reciclajessanadrian.com\/ca\/timeline\/","og_site_name":"Reciclajes San Adrian","article_modified_time":"2024-12-02T11:53:31+00:00","og_image":[{"url":"https:\/\/reciclajessanadrian.com\/wp-content\/uploads\/2023\/09\/DSC01075-1024x768.jpg","type":"","width":"","height":""}],"twitter_card":"summary_large_image","twitter_misc":{"Temps estimat de lectura":"2 minuts"},"schema":{"@context":"https:\/\/schema.org","@graph":[{"@type":"WebPage","@id":"https:\/\/reciclajessanadrian.com\/ca\/timeline\/","url":"https:\/\/reciclajessanadrian.com\/ca\/timeline\/","name":"Timeline - Reciclajes San Adrian","isPartOf":{"@id":"https:\/\/reciclajessanadrian.com\/#website"},"primaryImageOfPage":{"@id":"https:\/\/reciclajessanadrian.com\/ca\/timeline\/#primaryimage"},"image":{"@id":"https:\/\/reciclajessanadrian.com\/ca\/timeline\/#primaryimage"},"thumbnailUrl":"https:\/\/reciclajessanadrian.com\/wp-content\/uploads\/2023\/09\/DSC01075-1024x768.jpg","datePublished":"2024-03-01T11:19:16+00:00","dateModified":"2024-12-02T11:53:31+00:00","breadcrumb":{"@id":"https:\/\/reciclajessanadrian.com\/ca\/timeline\/#breadcrumb"},"inLanguage":"ca","potentialAction":[{"@type":"ReadAction","target":["https:\/\/reciclajessanadrian.com\/ca\/timeline\/"]}]},{"@type":"ImageObject","inLanguage":"ca","@id":"https:\/\/reciclajessanadrian.com\/ca\/timeline\/#primaryimage","url":"https:\/\/reciclajessanadrian.com\/wp-content\/uploads\/2023\/09\/DSC01075-1024x768.jpg","contentUrl":"https:\/\/reciclajessanadrian.com\/wp-content\/uploads\/2023\/09\/DSC01075-1024x768.jpg"},{"@type":"BreadcrumbList","@id":"https:\/\/reciclajessanadrian.com\/ca\/timeline\/#breadcrumb","itemListElement":[{"@type":"ListItem","position":1,"name":"Portada","item":"https:\/\/reciclajessanadrian.com\/ca\/"},{"@type":"ListItem","position":2,"name":"Timeline"}]},{"@type":"WebSite","@id":"https:\/\/reciclajessanadrian.com\/#website","url":"https:\/\/reciclajessanadrian.com\/","name":"Reciclajes San Adrian","description":"Planta de Revalorizaci\u00f3n de Residuos Urbanos","publisher":{"@id":"https:\/\/reciclajessanadrian.com\/#organization"},"potentialAction":[{"@type":"SearchAction","target":{"@type":"EntryPoint","urlTemplate":"https:\/\/reciclajessanadrian.com\/?s={search_term_string}"},"query-input":{"@type":"PropertyValueSpecification","valueRequired":true,"valueName":"search_term_string"}}],"inLanguage":"ca"},{"@type":"Organization","@id":"https:\/\/reciclajessanadrian.com\/#organization","name":"Reciclajes San Adrian","url":"https:\/\/reciclajessanadrian.com\/","logo":{"@type":"ImageObject","inLanguage":"ca","@id":"https:\/\/reciclajessanadrian.com\/#\/schema\/logo\/image\/","url":"https:\/\/reciclajessanadrian.com\/wp-content\/uploads\/2021\/06\/logo-reciclajes-san-adrian.png","contentUrl":"https:\/\/reciclajessanadrian.com\/wp-content\/uploads\/2021\/06\/logo-reciclajes-san-adrian.png","width":154,"height":76,"caption":"Reciclajes San Adrian"},"image":{"@id":"https:\/\/reciclajessanadrian.com\/#\/schema\/logo\/image\/"}}]}},"_links":{"self":[{"href":"https:\/\/reciclajessanadrian.com\/ca\/wp-json\/wp\/v2\/pages\/1525","targetHints":{"allow":["GET"]}}],"collection":[{"href":"https:\/\/reciclajessanadrian.com\/ca\/wp-json\/wp\/v2\/pages"}],"about":[{"href":"https:\/\/reciclajessanadrian.com\/ca\/wp-json\/wp\/v2\/types\/page"}],"author":[{"embeddable":true,"href":"https:\/\/reciclajessanadrian.com\/ca\/wp-json\/wp\/v2\/users\/1"}],"replies":[{"embeddable":true,"href":"https:\/\/reciclajessanadrian.com\/ca\/wp-json\/wp\/v2\/comments?post=1525"}],"version-history":[{"count":2,"href":"https:\/\/reciclajessanadrian.com\/ca\/wp-json\/wp\/v2\/pages\/1525\/revisions"}],"predecessor-version":[{"id":1534,"href":"https:\/\/reciclajessanadrian.com\/ca\/wp-json\/wp\/v2\/pages\/1525\/revisions\/1534"}],"wp:attachment":[{"href":"https:\/\/reciclajessanadrian.com\/ca\/wp-json\/wp\/v2\/media?parent=1525"}],"curies":[{"name":"wp","href":"https:\/\/api.w.org\/{rel}","templated":true}]}}